{"id":414,"date":"2020-01-20T14:04:09","date_gmt":"2020-01-20T17:04:09","guid":{"rendered":"https:\/\/bebidasmonteroraima.com.br\/?page_id=414"},"modified":"2020-01-28T12:24:00","modified_gmt":"2020-01-28T15:24:00","slug":"blog","status":"publish","type":"page","link":"https:\/\/bebidasmonteroraima.com.br\/index.php\/blog\/","title":{"rendered":"Blog"},"content":{"rendered":"\t\t<div data-elementor-type=\"wp-post\" data-elementor-id=\"414\" class=\"elementor elementor-414\" data-elementor-settings=\"[]\">\n\t\t\t\t\t\t<div class=\"elementor-inner\">\n\t\t\t\t\t\t\t<div class=\"elementor-section-wrap\">\n\t\t\t\t\t\t\t<section class=\"elementor-section elementor-top-section elementor-element elementor-element-b56b09b elementor-section-boxed elementor-section-height-default elementor-section-height-default\" data-id=\"b56b09b\" data-element_type=\"section\" data-settings=\"{&quot;background_background&quot;:&quot;classic&quot;}\">\n\t\t\t\t\t\t\t<div class=\"elementor-background-overlay\"><\/div>\n\t\t\t\t\t\t\t<div class=\"elementor-container elementor-column-gap-default\">\n\t\t\t\t\t\t\t<div class=\"elementor-row\">\n\t\t\t\t\t<div class=\"aux-parallax-section elementor-column elementor-col-100 elementor-top-column elementor-element elementor-element-3e3a584\" data-id=\"3e3a584\" data-element_type=\"column\">\n\t\t\t<div class=\"elementor-column-wrap elementor-element-populated\">\n\t\t\t\t\t\t\t<div class=\"elementor-widget-wrap\">\n\t\t\t\t\t\t<div class=\"elementor-element elementor-element-c49e569 elementor-widget elementor-widget-spacer\" data-id=\"c49e569\" data-element_type=\"widget\" data-widget_type=\"spacer.default\">\n\t\t\t\t<div class=\"elementor-widget-container\">\n\t\t\t\t\t<div class=\"elementor-spacer\">\n\t\t\t<div class=\"elementor-spacer-inner\"><\/div>\n\t\t<\/div>\n\t\t\t\t<\/div>\n\t\t\t\t<\/div>\n\t\t\t\t<div class=\"elementor-element elementor-element-efe4042 aux-appear-watch-animation aux-fade-in-up elementor-widget elementor-widget-aux_modern_heading\" data-id=\"efe4042\" data-element_type=\"widget\" data-widget_type=\"aux_modern_heading.default\">\n\t\t\t\t<div class=\"elementor-widget-container\">\n\t\t\t<section class=\"aux-widget-modern-heading\">\r\n            <div class=\"aux-widget-inner aux-text-align-center\"><h2 class=\"aux-modern-heading-primary\">Nosso Blog<\/h2><\/div>\r\n        <\/section>\t\t<\/div>\n\t\t\t\t<\/div>\n\t\t\t\t<div class=\"elementor-element elementor-element-20b0fe1 elementor-widget elementor-widget-text-editor\" data-id=\"20b0fe1\" data-element_type=\"widget\" data-widget_type=\"text-editor.default\">\n\t\t\t\t<div class=\"elementor-widget-container\">\n\t\t\t\t\t\t\t\t<div class=\"elementor-text-editor elementor-clearfix\">\n\t\t\t\t<p>Not\u00edcias sobre nossa empresa.<\/p>\t\t\t\t\t<\/div>\n\t\t\t\t\t\t<\/div>\n\t\t\t\t<\/div>\n\t\t\t\t<div class=\"elementor-element elementor-element-5791eb3 elementor-widget elementor-widget-spacer\" data-id=\"5791eb3\" data-element_type=\"widget\" data-widget_type=\"spacer.default\">\n\t\t\t\t<div class=\"elementor-widget-container\">\n\t\t\t\t\t<div class=\"elementor-spacer\">\n\t\t\t<div class=\"elementor-spacer-inner\"><\/div>\n\t\t<\/div>\n\t\t\t\t<\/div>\n\t\t\t\t<\/div>\n\t\t\t\t<div class=\"elementor-element elementor-element-3d4f749 elementor-widget elementor-widget-spacer\" data-id=\"3d4f749\" data-element_type=\"widget\" data-widget_type=\"spacer.default\">\n\t\t\t\t<div class=\"elementor-widget-container\">\n\t\t\t\t\t<div class=\"elementor-spacer\">\n\t\t\t<div class=\"elementor-spacer-inner\"><\/div>\n\t\t<\/div>\n\t\t\t\t<\/div>\n\t\t\t\t<\/div>\n\t\t\t\t\t\t<\/div>\n\t\t\t\t\t<\/div>\n\t\t<\/div>\n\t\t\t\t\t\t\t\t<\/div>\n\t\t\t\t\t<\/div>\n\t\t<\/section>\n\t\t\t\t<section class=\"elementor-section elementor-top-section elementor-element elementor-element-c1292e0 elementor-section-boxed elementor-section-height-default elementor-section-height-default\" data-id=\"c1292e0\" data-element_type=\"section\">\n\t\t\t\t\t\t<div class=\"elementor-container elementor-column-gap-default\">\n\t\t\t\t\t\t\t<div class=\"elementor-row\">\n\t\t\t\t\t<div class=\"aux-parallax-section elementor-column elementor-col-100 elementor-top-column elementor-element elementor-element-218e2b2\" data-id=\"218e2b2\" data-element_type=\"column\">\n\t\t\t<div class=\"elementor-column-wrap elementor-element-populated\">\n\t\t\t\t\t\t\t<div class=\"elementor-widget-wrap\">\n\t\t\t\t\t\t<div class=\"elementor-element elementor-element-a69d19d elementor-widget elementor-widget-spacer\" data-id=\"a69d19d\" data-element_type=\"widget\" data-widget_type=\"spacer.default\">\n\t\t\t\t<div class=\"elementor-widget-container\">\n\t\t\t\t\t<div class=\"elementor-spacer\">\n\t\t\t<div class=\"elementor-spacer-inner\"><\/div>\n\t\t<\/div>\n\t\t\t\t<\/div>\n\t\t\t\t<\/div>\n\t\t\t\t<div class=\"elementor-element elementor-element-aec03fe elementor-widget elementor-widget-bdt-post-grid\" data-id=\"aec03fe\" data-element_type=\"widget\" data-widget_type=\"bdt-post-grid.bdt-paddle\">\n\t\t\t\t<div class=\"elementor-widget-container\">\n\t\t\t \n\t\t<div id=\"bdt-post-grid-aec03fe\" class=\"bdt-post-grid bdt-post-grid-skin-default\">\n\t  \t\t<div class=\"bdt-grid bdt-grid-small\" bdt-grid>\n\n\t\t\t\t\t\t  \t\t\t<div class=\"bdt-width-1-3@m bdt-primary\">\n\t\t\t\t\t\t\t\t<div class=\"bdt-post-grid-item bdt-transition-toggle bdt-position-relative\">\n\t\t\t\t\t\t\t\t\n\t\t\t<div class=\"bdt-post-grid-img-wrap bdt-overflow-hidden\">\n\t\t\t\t<a href=\"https:\/\/bebidasmonteroraima.com.br\/index.php\/2019\/06\/04\/professores-e-alunos-do-cab-fazem-visita-tecnica-a-bebidas-monte-roraima\/\" class=\"bdt-transition-scale-up bdt-background-cover bdt-transition-opaque bdt-flex\" title=\"Professores e alunos do CAB fazem visita t\u00e9cnica \u00e0 Bebidas Monte Roraima.\" style=\"background-image: url(https:\/\/bebidasmonteroraima.com.br\/wp-content\/uploads\/2020\/01\/7db086ad-5912-40bc-9454-4aab22dbd442.jpg)\">\n  \t\t\t\t<\/a>\n\t\t\t<\/div>\n\t\t\t<div class=\"bdt-custom-overlay bdt-position-cover\"><\/div>\n\t  \t\t\n\t  \t\t<div class=\"bdt-post-grid-desc bdt-position-medium bdt-position-bottom-left\">\n\n\t\t\t\t<h4 class=\"bdt-post-grid-title\">\n\t\t\t\t<a href=\"https:\/\/bebidasmonteroraima.com.br\/index.php\/2019\/06\/04\/professores-e-alunos-do-cab-fazem-visita-tecnica-a-bebidas-monte-roraima\/\" class=\"bdt-post-grid-link\" title=\"Professores e alunos do CAB fazem visita t\u00e9cnica \u00e0 Bebidas Monte Roraima.\">\n\t\t\t\t\tProfessores e alunos do CAB fazem visita t\u00e9cnica \u00e0 Bebidas Monte Roraima.\n\t\t\t\t<\/a>\n\t\t\t<\/h4>\n            \t\t\t\t\t\t<div class=\"bdt-post-grid-meta bdt-subnav bdt-flex-middle\">\n\t\t\t\t\t\t<span class=\"bdt-post-grid-author\"><a href=\"https:\/\/bebidasmonteroraima.com.br\/index.php\/author\/bebidasmonteroraima\/\">Bebidas Monte Roraima<\/a><\/span>\t\t\t\t\t\t<span class=\"bdt-post-grid-date\">4 de junho de 2019<\/span>\t\t\t\t\t<\/div>\n\t\t\t\t\n\t\t\t\t\t\t\t\t\n\t\t\t<\/div>\n\n\t\t\t\t\t<div class=\"bdt-post-grid-category bdt-position-small bdt-position-top-left\">\n\t\t\t<a href=\"https:\/\/bebidasmonteroraima.com.br\/index.php\/category\/sem-categoria\/\" rel=\"category tag\">Not\u00edcias<\/a>\t\t<\/div>\n\t\t\t\t\t<div class=\"bdt-post-grid-comments bdt-position-medium bdt-position-bottom-right\"><span><i class=\"fa fa-comments-o\" aria-hidden=\"true\"><\/i> 0<\/span><\/div>\n\t\t<\/div>\n\t\t\t\t\t\t\t<\/div>\n\n\t\t\t\t\t\t  \t\t\t<div class=\"bdt-width-1-3@m bdt-primary\">\n\t\t\t\t\t\t\t\t<div class=\"bdt-post-grid-item bdt-transition-toggle bdt-position-relative\">\n\t\t\t\t\t\t\t\t\n\t\t\t<div class=\"bdt-post-grid-img-wrap bdt-overflow-hidden\">\n\t\t\t\t<a href=\"https:\/\/bebidasmonteroraima.com.br\/index.php\/2019\/06\/01\/aniversariantes-do-mes-de-maio-bebidas-monte-roraima\/\" class=\"bdt-transition-scale-up bdt-background-cover bdt-transition-opaque bdt-flex\" title=\"Aniversariantes do m\u00eas de maio, Bebidas Monte Roraima.\" style=\"background-image: url(https:\/\/bebidasmonteroraima.com.br\/wp-content\/uploads\/2019\/06\/monte-roraima-bebidas-local_b5013cb7096e9081bc72bf8a7e779e6d.jpg)\">\n  \t\t\t\t<\/a>\n\t\t\t<\/div>\n\t\t\t<div class=\"bdt-custom-overlay bdt-position-cover\"><\/div>\n\t  \t\t\n\t  \t\t<div class=\"bdt-post-grid-desc bdt-position-medium bdt-position-bottom-left\">\n\n\t\t\t\t<h4 class=\"bdt-post-grid-title\">\n\t\t\t\t<a href=\"https:\/\/bebidasmonteroraima.com.br\/index.php\/2019\/06\/01\/aniversariantes-do-mes-de-maio-bebidas-monte-roraima\/\" class=\"bdt-post-grid-link\" title=\"Aniversariantes do m\u00eas de maio, Bebidas Monte Roraima.\">\n\t\t\t\t\tAniversariantes do m\u00eas de maio, Bebidas Monte Roraima.\n\t\t\t\t<\/a>\n\t\t\t<\/h4>\n            \t\t\t\t\t\t<div class=\"bdt-post-grid-meta bdt-subnav bdt-flex-middle\">\n\t\t\t\t\t\t<span class=\"bdt-post-grid-author\"><a href=\"https:\/\/bebidasmonteroraima.com.br\/index.php\/author\/bebidasmonteroraima\/\">Bebidas Monte Roraima<\/a><\/span>\t\t\t\t\t\t<span class=\"bdt-post-grid-date\">1 de junho de 2019<\/span>\t\t\t\t\t<\/div>\n\t\t\t\t\n\t\t\t\t\t\t\t\t\n\t\t\t<\/div>\n\n\t\t\t\t\t<div class=\"bdt-post-grid-category bdt-position-small bdt-position-top-left\">\n\t\t\t<a href=\"https:\/\/bebidasmonteroraima.com.br\/index.php\/category\/sem-categoria\/\" rel=\"category tag\">Not\u00edcias<\/a>\t\t<\/div>\n\t\t\t\t\t<div class=\"bdt-post-grid-comments bdt-position-medium bdt-position-bottom-right\"><span><i class=\"fa fa-comments-o\" aria-hidden=\"true\"><\/i> 0<\/span><\/div>\n\t\t<\/div>\n\t\t\t\t\t\t\t<\/div>\n\n\t\t\t\t\t\t  \t\t\t<div class=\"bdt-width-1-3@m bdt-primary\">\n\t\t\t\t\t\t\t\t<div class=\"bdt-post-grid-item bdt-transition-toggle bdt-position-relative\">\n\t\t\t\t\t\t\t\t\n\t\t\t<div class=\"bdt-post-grid-img-wrap bdt-overflow-hidden\">\n\t\t\t\t<a href=\"https:\/\/bebidasmonteroraima.com.br\/index.php\/2019\/05\/28\/bebidas-monte-roraima-participa-de-apresentacao-no-sesi-na-semana-da-industria\/\" class=\"bdt-transition-scale-up bdt-background-cover bdt-transition-opaque bdt-flex\" title=\"Bebidas Monte Roraima participa de apresenta\u00e7\u00e3o no SESI na Semana da Ind\u00fastria.\" style=\"background-image: url(https:\/\/bebidasmonteroraima.com.br\/wp-content\/uploads\/2020\/01\/agua-bebidas-monte-roraima-2.jpg)\">\n  \t\t\t\t<\/a>\n\t\t\t<\/div>\n\t\t\t<div class=\"bdt-custom-overlay bdt-position-cover\"><\/div>\n\t  \t\t\n\t  \t\t<div class=\"bdt-post-grid-desc bdt-position-medium bdt-position-bottom-left\">\n\n\t\t\t\t<h4 class=\"bdt-post-grid-title\">\n\t\t\t\t<a href=\"https:\/\/bebidasmonteroraima.com.br\/index.php\/2019\/05\/28\/bebidas-monte-roraima-participa-de-apresentacao-no-sesi-na-semana-da-industria\/\" class=\"bdt-post-grid-link\" title=\"Bebidas Monte Roraima participa de apresenta\u00e7\u00e3o no SESI na Semana da Ind\u00fastria.\">\n\t\t\t\t\tBebidas Monte Roraima participa de apresenta\u00e7\u00e3o no SESI na Semana da Ind\u00fastria.\n\t\t\t\t<\/a>\n\t\t\t<\/h4>\n            \t\t\t\t\t\t<div class=\"bdt-post-grid-meta bdt-subnav bdt-flex-middle\">\n\t\t\t\t\t\t<span class=\"bdt-post-grid-author\"><a href=\"https:\/\/bebidasmonteroraima.com.br\/index.php\/author\/bebidasmonteroraima\/\">Bebidas Monte Roraima<\/a><\/span>\t\t\t\t\t\t<span class=\"bdt-post-grid-date\">28 de maio de 2019<\/span>\t\t\t\t\t<\/div>\n\t\t\t\t\n\t\t\t\t\t\t\t\t\n\t\t\t<\/div>\n\n\t\t\t\t\t<div class=\"bdt-post-grid-category bdt-position-small bdt-position-top-left\">\n\t\t\t<a href=\"https:\/\/bebidasmonteroraima.com.br\/index.php\/category\/sem-categoria\/\" rel=\"category tag\">Not\u00edcias<\/a>\t\t<\/div>\n\t\t\t\t\t<div class=\"bdt-post-grid-comments bdt-position-medium bdt-position-bottom-right\"><span><i class=\"fa fa-comments-o\" aria-hidden=\"true\"><\/i> 0<\/span><\/div>\n\t\t<\/div>\n\t\t\t\t\t\t\t<\/div>\n\n\t\t\t\t\t\t\t<\/div>\n\t\t<\/div>\n\t\n \t\t\t\t<\/div>\n\t\t\t\t<\/div>\n\t\t\t\t<div class=\"elementor-element elementor-element-f8abfb8 elementor-widget elementor-widget-spacer\" data-id=\"f8abfb8\" data-element_type=\"widget\" data-widget_type=\"spacer.default\">\n\t\t\t\t<div class=\"elementor-widget-container\">\n\t\t\t\t\t<div class=\"elementor-spacer\">\n\t\t\t<div class=\"elementor-spacer-inner\"><\/div>\n\t\t<\/div>\n\t\t\t\t<\/div>\n\t\t\t\t<\/div>\n\t\t\t\t\t\t<\/div>\n\t\t\t\t\t<\/div>\n\t\t<\/div>\n\t\t\t\t\t\t\t\t<\/div>\n\t\t\t\t\t<\/div>\n\t\t<\/section>\n\t\t\t\t\t\t<\/div>\n\t\t\t\t\t\t<\/div>\n\t\t\t\t\t<\/div>\n\t\t","protected":false},"excerpt":{"rendered":"<p>Nosso Blog Not\u00edcias sobre nossa empresa. Professores e alunos do CAB fazem visita t\u00e9cnica \u00e0 Bebidas Monte Roraima. ASCOM 4 de junho de 2019 Not\u00edcias 0 Aniversariantes do m\u00eas de maio, Bebidas Monte Roraima. ASCOM 1 de junho de 2019 Not\u00edcias 0 Bebidas Monte Roraima participa de apresenta\u00e7\u00e3o no SESI na Semana da Ind\u00fastria. ASCOM [&hellip;]<\/p>\n","protected":false},"author":2,"featured_media":0,"parent":0,"menu_order":0,"comment_status":"closed","ping_status":"closed","template":"templates\/page-builder-content.php","meta":{"_joinchat":[],"footnotes":""},"class_list":["post-414","page","type-page","status-publish","hentry"],"yoast_head":"<!-- This site is optimized with the Yoast SEO plugin v27.5 - https:\/\/yoast.com\/product\/yoast-seo-wordpress\/ -->\n<title>Blog - Bebidas Monte Roraima<\/title>\n<meta name=\"robots\" content=\"index, follow, max-snippet:-1, max-image-preview:large, max-video-preview:-1\" \/>\n<link rel=\"canonical\" href=\"https:\/\/bebidasmonteroraima.com.br\/index.php\/blog\/\" \/>\n<meta property=\"og:locale\" content=\"pt_BR\" \/>\n<meta property=\"og:type\" content=\"article\" \/>\n<meta property=\"og:title\" content=\"Blog - Bebidas Monte Roraima\" \/>\n<meta property=\"og:description\" content=\"Nosso Blog Not\u00edcias sobre nossa empresa. Professores e alunos do CAB fazem visita t\u00e9cnica \u00e0 Bebidas Monte Roraima. ASCOM 4 de junho de 2019 Not\u00edcias 0 Aniversariantes do m\u00eas de maio, Bebidas Monte Roraima. ASCOM 1 de junho de 2019 Not\u00edcias 0 Bebidas Monte Roraima participa de apresenta\u00e7\u00e3o no SESI na Semana da Ind\u00fastria. ASCOM [&hellip;]\" \/>\n<meta property=\"og:url\" content=\"https:\/\/bebidasmonteroraima.com.br\/index.php\/blog\/\" \/>\n<meta property=\"og:site_name\" content=\"Bebidas Monte Roraima\" \/>\n<meta property=\"article:modified_time\" content=\"2020-01-28T15:24:00+00:00\" \/>\n<meta name=\"twitter:card\" content=\"summary_large_image\" \/>\n<script type=\"application\/ld+json\" class=\"yoast-schema-graph\">{\"@context\":\"https:\\\/\\\/schema.org\",\"@graph\":[{\"@type\":\"WebPage\",\"@id\":\"https:\\\/\\\/bebidasmonteroraima.com.br\\\/index.php\\\/blog\\\/\",\"url\":\"https:\\\/\\\/bebidasmonteroraima.com.br\\\/index.php\\\/blog\\\/\",\"name\":\"Blog - Bebidas Monte Roraima\",\"isPartOf\":{\"@id\":\"https:\\\/\\\/bebidasmonteroraima.com.br\\\/#website\"},\"datePublished\":\"2020-01-20T17:04:09+00:00\",\"dateModified\":\"2020-01-28T15:24:00+00:00\",\"breadcrumb\":{\"@id\":\"https:\\\/\\\/bebidasmonteroraima.com.br\\\/index.php\\\/blog\\\/#breadcrumb\"},\"inLanguage\":\"pt-BR\",\"potentialAction\":[{\"@type\":\"ReadAction\",\"target\":[\"https:\\\/\\\/bebidasmonteroraima.com.br\\\/index.php\\\/blog\\\/\"]}]},{\"@type\":\"BreadcrumbList\",\"@id\":\"https:\\\/\\\/bebidasmonteroraima.com.br\\\/index.php\\\/blog\\\/#breadcrumb\",\"itemListElement\":[{\"@type\":\"ListItem\",\"position\":1,\"name\":\"In\u00edcio\",\"item\":\"https:\\\/\\\/bebidasmonteroraima.com.br\\\/\"},{\"@type\":\"ListItem\",\"position\":2,\"name\":\"Blog\"}]},{\"@type\":\"WebSite\",\"@id\":\"https:\\\/\\\/bebidasmonteroraima.com.br\\\/#website\",\"url\":\"https:\\\/\\\/bebidasmonteroraima.com.br\\\/\",\"name\":\"Bebidas Monte Roraima\",\"description\":\"H\u00e1 30 anos Roraima tem esse sabor!\",\"publisher\":{\"@id\":\"https:\\\/\\\/bebidasmonteroraima.com.br\\\/#organization\"},\"potentialAction\":[{\"@type\":\"SearchAction\",\"target\":{\"@type\":\"EntryPoint\",\"urlTemplate\":\"https:\\\/\\\/bebidasmonteroraima.com.br\\\/?s={search_term_string}\"},\"query-input\":{\"@type\":\"PropertyValueSpecification\",\"valueRequired\":true,\"valueName\":\"search_term_string\"}}],\"inLanguage\":\"pt-BR\"},{\"@type\":\"Organization\",\"@id\":\"https:\\\/\\\/bebidasmonteroraima.com.br\\\/#organization\",\"name\":\"Bebidas Monte Roraima\",\"url\":\"https:\\\/\\\/bebidasmonteroraima.com.br\\\/\",\"logo\":{\"@type\":\"ImageObject\",\"inLanguage\":\"pt-BR\",\"@id\":\"https:\\\/\\\/bebidasmonteroraima.com.br\\\/#\\\/schema\\\/logo\\\/image\\\/\",\"url\":\"https:\\\/\\\/bebidasmonteroraima.com.br\\\/wp-content\\\/uploads\\\/2018\\\/07\\\/1logo-azul-bmr_1.png\",\"contentUrl\":\"https:\\\/\\\/bebidasmonteroraima.com.br\\\/wp-content\\\/uploads\\\/2018\\\/07\\\/1logo-azul-bmr_1.png\",\"width\":250,\"height\":122,\"caption\":\"Bebidas Monte Roraima\"},\"image\":{\"@id\":\"https:\\\/\\\/bebidasmonteroraima.com.br\\\/#\\\/schema\\\/logo\\\/image\\\/\"}}]}<\/script>\n<!-- \/ Yoast SEO plugin. -->","yoast_head_json":{"title":"Blog - Bebidas Monte Roraima","robots":{"index":"index","follow":"follow","max-snippet":"max-snippet:-1","max-image-preview":"max-image-preview:large","max-video-preview":"max-video-preview:-1"},"canonical":"https:\/\/bebidasmonteroraima.com.br\/index.php\/blog\/","og_locale":"pt_BR","og_type":"article","og_title":"Blog - Bebidas Monte Roraima","og_description":"Nosso Blog Not\u00edcias sobre nossa empresa. Professores e alunos do CAB fazem visita t\u00e9cnica \u00e0 Bebidas Monte Roraima. ASCOM 4 de junho de 2019 Not\u00edcias 0 Aniversariantes do m\u00eas de maio, Bebidas Monte Roraima. ASCOM 1 de junho de 2019 Not\u00edcias 0 Bebidas Monte Roraima participa de apresenta\u00e7\u00e3o no SESI na Semana da Ind\u00fastria. ASCOM [&hellip;]","og_url":"https:\/\/bebidasmonteroraima.com.br\/index.php\/blog\/","og_site_name":"Bebidas Monte Roraima","article_modified_time":"2020-01-28T15:24:00+00:00","twitter_card":"summary_large_image","schema":{"@context":"https:\/\/schema.org","@graph":[{"@type":"WebPage","@id":"https:\/\/bebidasmonteroraima.com.br\/index.php\/blog\/","url":"https:\/\/bebidasmonteroraima.com.br\/index.php\/blog\/","name":"Blog - Bebidas Monte Roraima","isPartOf":{"@id":"https:\/\/bebidasmonteroraima.com.br\/#website"},"datePublished":"2020-01-20T17:04:09+00:00","dateModified":"2020-01-28T15:24:00+00:00","breadcrumb":{"@id":"https:\/\/bebidasmonteroraima.com.br\/index.php\/blog\/#breadcrumb"},"inLanguage":"pt-BR","potentialAction":[{"@type":"ReadAction","target":["https:\/\/bebidasmonteroraima.com.br\/index.php\/blog\/"]}]},{"@type":"BreadcrumbList","@id":"https:\/\/bebidasmonteroraima.com.br\/index.php\/blog\/#breadcrumb","itemListElement":[{"@type":"ListItem","position":1,"name":"In\u00edcio","item":"https:\/\/bebidasmonteroraima.com.br\/"},{"@type":"ListItem","position":2,"name":"Blog"}]},{"@type":"WebSite","@id":"https:\/\/bebidasmonteroraima.com.br\/#website","url":"https:\/\/bebidasmonteroraima.com.br\/","name":"Bebidas Monte Roraima","description":"H\u00e1 30 anos Roraima tem esse sabor!","publisher":{"@id":"https:\/\/bebidasmonteroraima.com.br\/#organization"},"potentialAction":[{"@type":"SearchAction","target":{"@type":"EntryPoint","urlTemplate":"https:\/\/bebidasmonteroraima.com.br\/?s={search_term_string}"},"query-input":{"@type":"PropertyValueSpecification","valueRequired":true,"valueName":"search_term_string"}}],"inLanguage":"pt-BR"},{"@type":"Organization","@id":"https:\/\/bebidasmonteroraima.com.br\/#organization","name":"Bebidas Monte Roraima","url":"https:\/\/bebidasmonteroraima.com.br\/","logo":{"@type":"ImageObject","inLanguage":"pt-BR","@id":"https:\/\/bebidasmonteroraima.com.br\/#\/schema\/logo\/image\/","url":"https:\/\/bebidasmonteroraima.com.br\/wp-content\/uploads\/2018\/07\/1logo-azul-bmr_1.png","contentUrl":"https:\/\/bebidasmonteroraima.com.br\/wp-content\/uploads\/2018\/07\/1logo-azul-bmr_1.png","width":250,"height":122,"caption":"Bebidas Monte Roraima"},"image":{"@id":"https:\/\/bebidasmonteroraima.com.br\/#\/schema\/logo\/image\/"}}]}},"_links":{"self":[{"href":"https:\/\/bebidasmonteroraima.com.br\/index.php\/wp-json\/wp\/v2\/pages\/414","targetHints":{"allow":["GET"]}}],"collection":[{"href":"https:\/\/bebidasmonteroraima.com.br\/index.php\/wp-json\/wp\/v2\/pages"}],"about":[{"href":"https:\/\/bebidasmonteroraima.com.br\/index.php\/wp-json\/wp\/v2\/types\/page"}],"author":[{"embeddable":true,"href":"https:\/\/bebidasmonteroraima.com.br\/index.php\/wp-json\/wp\/v2\/users\/2"}],"replies":[{"embeddable":true,"href":"https:\/\/bebidasmonteroraima.com.br\/index.php\/wp-json\/wp\/v2\/comments?post=414"}],"version-history":[{"count":0,"href":"https:\/\/bebidasmonteroraima.com.br\/index.php\/wp-json\/wp\/v2\/pages\/414\/revisions"}],"wp:attachment":[{"href":"https:\/\/bebidasmonteroraima.com.br\/index.php\/wp-json\/wp\/v2\/media?parent=414"}],"curies":[{"name":"wp","href":"https:\/\/api.w.org\/{rel}","templated":true}]}}