{"id":445,"date":"2020-01-21T10:52:31","date_gmt":"2020-01-21T13:52:31","guid":{"rendered":"https:\/\/bebidasmonteroraima.com.br\/?page_id=445"},"modified":"2020-01-28T12:23:20","modified_gmt":"2020-01-28T15:23:20","slug":"fale-conosco","status":"publish","type":"page","link":"https:\/\/bebidasmonteroraima.com.br\/index.php\/fale-conosco\/","title":{"rendered":"Fale Conosco"},"content":{"rendered":"\t\t<div data-elementor-type=\"wp-post\" data-elementor-id=\"445\" class=\"elementor elementor-445\" data-elementor-settings=\"[]\">\n\t\t\t\t\t\t<div class=\"elementor-inner\">\n\t\t\t\t\t\t\t<div class=\"elementor-section-wrap\">\n\t\t\t\t\t\t\t<section class=\"elementor-section elementor-top-section elementor-element elementor-element-a565152 elementor-section-boxed elementor-section-height-default elementor-section-height-default\" data-id=\"a565152\" data-element_type=\"section\" data-settings=\"{&quot;background_background&quot;:&quot;classic&quot;}\">\n\t\t\t\t\t\t\t<div class=\"elementor-background-overlay\"><\/div>\n\t\t\t\t\t\t\t<div class=\"elementor-container elementor-column-gap-default\">\n\t\t\t\t\t\t\t<div class=\"elementor-row\">\n\t\t\t\t\t<div class=\"aux-parallax-section elementor-column elementor-col-100 elementor-top-column elementor-element elementor-element-6d7471a\" data-id=\"6d7471a\" data-element_type=\"column\">\n\t\t\t<div class=\"elementor-column-wrap elementor-element-populated\">\n\t\t\t\t\t\t\t<div class=\"elementor-widget-wrap\">\n\t\t\t\t\t\t<div class=\"elementor-element elementor-element-905344b elementor-widget elementor-widget-spacer\" data-id=\"905344b\" data-element_type=\"widget\" data-widget_type=\"spacer.default\">\n\t\t\t\t<div class=\"elementor-widget-container\">\n\t\t\t\t\t<div class=\"elementor-spacer\">\n\t\t\t<div class=\"elementor-spacer-inner\"><\/div>\n\t\t<\/div>\n\t\t\t\t<\/div>\n\t\t\t\t<\/div>\n\t\t\t\t<div class=\"elementor-element elementor-element-e4c7623 aux-appear-watch-animation aux-fade-in-up elementor-widget elementor-widget-aux_modern_heading\" data-id=\"e4c7623\" data-element_type=\"widget\" data-widget_type=\"aux_modern_heading.default\">\n\t\t\t\t<div class=\"elementor-widget-container\">\n\t\t\t<section class=\"aux-widget-modern-heading\">\r\n            <div class=\"aux-widget-inner aux-text-align-center\"><h2 class=\"aux-modern-heading-primary\">Ol\u00e1, podemos te ajudar?<\/h2><\/div>\r\n        <\/section>\t\t<\/div>\n\t\t\t\t<\/div>\n\t\t\t\t<div class=\"elementor-element elementor-element-f954611 elementor-widget elementor-widget-text-editor\" data-id=\"f954611\" data-element_type=\"widget\" data-widget_type=\"text-editor.default\">\n\t\t\t\t<div class=\"elementor-widget-container\">\n\t\t\t\t\t\t\t\t<div class=\"elementor-text-editor elementor-clearfix\">\n\t\t\t\t<p>Fale conosco. Sua mensagem ser\u00e1 enviada diretamente aos respons\u00e1veis e analisada junto a Diretoria da empresa. Fique \u00e0 vontade para enviar suas d\u00favidas, sugest\u00f5es ou reclama\u00e7\u00f5es.\u00a0<\/p>\t\t\t\t\t<\/div>\n\t\t\t\t\t\t<\/div>\n\t\t\t\t<\/div>\n\t\t\t\t<div class=\"elementor-element elementor-element-2f4b226 elementor-widget elementor-widget-spacer\" data-id=\"2f4b226\" data-element_type=\"widget\" data-widget_type=\"spacer.default\">\n\t\t\t\t<div class=\"elementor-widget-container\">\n\t\t\t\t\t<div class=\"elementor-spacer\">\n\t\t\t<div class=\"elementor-spacer-inner\"><\/div>\n\t\t<\/div>\n\t\t\t\t<\/div>\n\t\t\t\t<\/div>\n\t\t\t\t<div class=\"elementor-element elementor-element-d7fb60a elementor-widget elementor-widget-spacer\" data-id=\"d7fb60a\" data-element_type=\"widget\" data-widget_type=\"spacer.default\">\n\t\t\t\t<div class=\"elementor-widget-container\">\n\t\t\t\t\t<div class=\"elementor-spacer\">\n\t\t\t<div class=\"elementor-spacer-inner\"><\/div>\n\t\t<\/div>\n\t\t\t\t<\/div>\n\t\t\t\t<\/div>\n\t\t\t\t\t\t<\/div>\n\t\t\t\t\t<\/div>\n\t\t<\/div>\n\t\t\t\t\t\t\t\t<\/div>\n\t\t\t\t\t<\/div>\n\t\t<\/section>\n\t\t\t\t<section class=\"elementor-section elementor-top-section elementor-element elementor-element-451f604 elementor-section-full_width elementor-section-height-default elementor-section-height-default\" data-id=\"451f604\" data-element_type=\"section\">\n\t\t\t\t\t\t<div class=\"elementor-container elementor-column-gap-default\">\n\t\t\t\t\t\t\t<div class=\"elementor-row\">\n\t\t\t\t\t<div class=\"aux-parallax-section elementor-column elementor-col-50 elementor-top-column elementor-element elementor-element-6c7b172\" data-id=\"6c7b172\" data-element_type=\"column\" data-settings=\"{&quot;background_background&quot;:&quot;classic&quot;}\">\n\t\t\t<div class=\"elementor-column-wrap elementor-element-populated\">\n\t\t\t\t\t\t\t<div class=\"elementor-widget-wrap\">\n\t\t\t\t\t\t<div class=\"elementor-element elementor-element-9d7ff7d elementor-widget elementor-widget-spacer\" data-id=\"9d7ff7d\" data-element_type=\"widget\" data-widget_type=\"spacer.default\">\n\t\t\t\t<div class=\"elementor-widget-container\">\n\t\t\t\t\t<div class=\"elementor-spacer\">\n\t\t\t<div class=\"elementor-spacer-inner\"><\/div>\n\t\t<\/div>\n\t\t\t\t<\/div>\n\t\t\t\t<\/div>\n\t\t\t\t<div class=\"elementor-element elementor-element-d9afe72 aux-appear-watch-animation aux-fade-in-up elementor-widget elementor-widget-aux_modern_heading\" data-id=\"d9afe72\" data-element_type=\"widget\" data-widget_type=\"aux_modern_heading.default\">\n\t\t\t\t<div class=\"elementor-widget-container\">\n\t\t\t<section class=\"aux-widget-modern-heading\">\r\n            <div class=\"aux-widget-inner aux-text-align-center\"><h2 class=\"aux-modern-heading-primary\">Fale conosco!<\/h2><\/div>\r\n        <\/section>\t\t<\/div>\n\t\t\t\t<\/div>\n\t\t\t\t<div class=\"elementor-element elementor-element-62ca5f1 elementor-widget elementor-widget-text-editor\" data-id=\"62ca5f1\" data-element_type=\"widget\" data-widget_type=\"text-editor.default\">\n\t\t\t\t<div class=\"elementor-widget-container\">\n\t\t\t\t\t\t\t\t<div class=\"elementor-text-editor elementor-clearfix\">\n\t\t\t\t<p style=\"text-align: justify;\">Voc\u00ea tamb\u00e9m pode falar conosco por Telefone, WhatsApp ou E-mail, basta selecionar abaixo a forma da sua prefer\u00eancia.<\/p>\t\t\t\t\t<\/div>\n\t\t\t\t\t\t<\/div>\n\t\t\t\t<\/div>\n\t\t\t\t<div class=\"elementor-element elementor-element-206521f elementor-shape-circle elementor-grid-0 e-grid-align-center elementor-widget elementor-widget-social-icons\" data-id=\"206521f\" data-element_type=\"widget\" data-widget_type=\"social-icons.default\">\n\t\t\t\t<div class=\"elementor-widget-container\">\n\t\t\t\t\t<div class=\"elementor-social-icons-wrapper elementor-grid\">\n\t\t\t\t\t\t\t<span class=\"elementor-grid-item\">\n\t\t\t\t\t<a class=\"elementor-icon elementor-social-icon elementor-social-icon-facebook elementor-repeater-item-70acb20\" href=\"https:\/\/www.facebook.com\/BebidasMonteRoraima.com.br\/\" target=\"_blank\">\n\t\t\t\t\t\t<span class=\"elementor-screen-only\">Facebook<\/span>\n\t\t\t\t\t\t<i class=\"fab fa-facebook\"><\/i>\t\t\t\t\t<\/a>\n\t\t\t\t<\/span>\n\t\t\t\t\t\t\t<span class=\"elementor-grid-item\">\n\t\t\t\t\t<a class=\"elementor-icon elementor-social-icon elementor-social-icon-whatsapp elementor-repeater-item-e153bfd\" href=\"https:\/\/bit.ly\/WhatsApp-BebidasMonteRoraima\" target=\"_blank\">\n\t\t\t\t\t\t<span class=\"elementor-screen-only\">Whatsapp<\/span>\n\t\t\t\t\t\t<i class=\"fab fa-whatsapp\"><\/i>\t\t\t\t\t<\/a>\n\t\t\t\t<\/span>\n\t\t\t\t\t\t\t<span class=\"elementor-grid-item\">\n\t\t\t\t\t<a class=\"elementor-icon elementor-social-icon elementor-social-icon-youtube elementor-repeater-item-6634c6a\" href=\"https:\/\/www.youtube.com\/channel\/UCO5j7v_RAisfoSpG9uRhfgg\" target=\"_blank\">\n\t\t\t\t\t\t<span class=\"elementor-screen-only\">Youtube<\/span>\n\t\t\t\t\t\t<i class=\"fab fa-youtube\"><\/i>\t\t\t\t\t<\/a>\n\t\t\t\t<\/span>\n\t\t\t\t\t\t\t<span class=\"elementor-grid-item\">\n\t\t\t\t\t<a class=\"elementor-icon elementor-social-icon elementor-social-icon-instagram elementor-repeater-item-0cdb5c2\" href=\"https:\/\/www.instagram.com\/bebidasmonteroraima\/\" target=\"_blank\">\n\t\t\t\t\t\t<span class=\"elementor-screen-only\">Instagram<\/span>\n\t\t\t\t\t\t<i class=\"fab fa-instagram\"><\/i>\t\t\t\t\t<\/a>\n\t\t\t\t<\/span>\n\t\t\t\t\t<\/div>\n\t\t\t\t<\/div>\n\t\t\t\t<\/div>\n\t\t\t\t<div class=\"elementor-element elementor-element-f39e84c elementor-widget elementor-widget-spacer\" data-id=\"f39e84c\" data-element_type=\"widget\" data-widget_type=\"spacer.default\">\n\t\t\t\t<div class=\"elementor-widget-container\">\n\t\t\t\t\t<div class=\"elementor-spacer\">\n\t\t\t<div class=\"elementor-spacer-inner\"><\/div>\n\t\t<\/div>\n\t\t\t\t<\/div>\n\t\t\t\t<\/div>\n\t\t\t\t\t\t<\/div>\n\t\t\t\t\t<\/div>\n\t\t<\/div>\n\t\t\t\t<div class=\"aux-parallax-section elementor-column elementor-col-50 elementor-top-column elementor-element elementor-element-833b415\" data-id=\"833b415\" data-element_type=\"column\">\n\t\t\t<div class=\"elementor-column-wrap elementor-element-populated\">\n\t\t\t\t\t\t\t<div class=\"elementor-widget-wrap\">\n\t\t\t\t\t\t<div class=\"elementor-element elementor-element-3904224 elementor-widget elementor-widget-spacer\" data-id=\"3904224\" data-element_type=\"widget\" data-widget_type=\"spacer.default\">\n\t\t\t\t<div class=\"elementor-widget-container\">\n\t\t\t\t\t<div class=\"elementor-spacer\">\n\t\t\t<div class=\"elementor-spacer-inner\"><\/div>\n\t\t<\/div>\n\t\t\t\t<\/div>\n\t\t\t\t<\/div>\n\t\t\t\t<div class=\"elementor-element elementor-element-6c56419 elementor-widget elementor-widget-bdt-contact-form-7\" data-id=\"6c56419\" data-element_type=\"widget\" data-widget_type=\"bdt-contact-form-7.default\">\n\t\t\t\t<div class=\"elementor-widget-container\">\n\t\t\t\n<div class=\"wpcf7 no-js\" id=\"wpcf7-f482-o1\" lang=\"en-US\" dir=\"ltr\" data-wpcf7-id=\"482\">\n<div class=\"screen-reader-response\"><p role=\"status\" aria-live=\"polite\" aria-atomic=\"true\"><\/p> <ul><\/ul><\/div>\n<form action=\"\/index.php\/wp-json\/wp\/v2\/pages\/445#wpcf7-f482-o1\" method=\"post\" class=\"wpcf7-form init\" aria-label=\"Contact form\" novalidate=\"novalidate\" data-status=\"init\">\n<fieldset class=\"hidden-fields-container\"><input type=\"hidden\" name=\"_wpcf7\" value=\"482\" \/><input type=\"hidden\" name=\"_wpcf7_version\" value=\"6.1.5\" \/><input type=\"hidden\" name=\"_wpcf7_locale\" value=\"en_US\" \/><input type=\"hidden\" name=\"_wpcf7_unit_tag\" value=\"wpcf7-f482-o1\" \/><input type=\"hidden\" name=\"_wpcf7_container_post\" value=\"0\" \/><input type=\"hidden\" name=\"_wpcf7_posted_data_hash\" value=\"\" \/>\n<\/fieldset>\n<p><label> Nome<br \/>\n<span class=\"wpcf7-form-control-wrap\" data-name=\"your-name\"><input size=\"40\" maxlength=\"400\" class=\"wpcf7-form-control wpcf7-text wpcf7-validates-as-required\" aria-required=\"true\" aria-invalid=\"false\" value=\"\" type=\"text\" name=\"your-name\" \/><\/span> <\/label>\n<\/p>\n<p><label> Telefone<br \/>\n<span class=\"wpcf7-form-control-wrap\" data-name=\"telefone\"><input size=\"40\" maxlength=\"400\" class=\"wpcf7-form-control wpcf7-tel wpcf7-validates-as-required wpcf7-text wpcf7-validates-as-tel\" aria-required=\"true\" aria-invalid=\"false\" value=\"\" type=\"tel\" name=\"telefone\" \/><\/span> <\/label>\n<\/p>\n<p><label> Email<br \/>\n<span class=\"wpcf7-form-control-wrap\" data-name=\"your-email\"><input size=\"40\" maxlength=\"400\" class=\"wpcf7-form-control wpcf7-email wpcf7-validates-as-required wpcf7-text wpcf7-validates-as-email\" aria-required=\"true\" aria-invalid=\"false\" value=\"\" type=\"email\" name=\"your-email\" \/><\/span> <\/label>\n<\/p>\n<p><label> Assunto<br \/>\n<span class=\"wpcf7-form-control-wrap\" data-name=\"assunto\"><input size=\"40\" maxlength=\"400\" class=\"wpcf7-form-control wpcf7-text wpcf7-validates-as-required\" aria-required=\"true\" aria-invalid=\"false\" value=\"\" type=\"text\" name=\"assunto\" \/><\/span> <\/label>\n<\/p>\n<p><label> Mensagem<br \/>\n<span class=\"wpcf7-form-control-wrap\" data-name=\"mensagem\"><textarea cols=\"40\" rows=\"10\" maxlength=\"2000\" class=\"wpcf7-form-control wpcf7-textarea\" aria-invalid=\"false\" name=\"mensagem\"><\/textarea><\/span> <\/label>\n<\/p>\n<p><label><br \/>\n<\/label><br \/>\n<input class=\"wpcf7-form-control wpcf7-submit has-spinner aux-button aux-curve aux-dark-gray\" type=\"submit\" value=\"Enviar\" \/>\n<\/p><div class=\"wpcf7-response-output\" aria-hidden=\"true\"><\/div>\n<\/form>\n<\/div>\n\t\t<\/div>\n\t\t\t\t<\/div>\n\t\t\t\t\t\t<\/div>\n\t\t\t\t\t<\/div>\n\t\t<\/div>\n\t\t\t\t\t\t\t\t<\/div>\n\t\t\t\t\t<\/div>\n\t\t<\/section>\n\t\t\t\t<section class=\"elementor-section elementor-top-section elementor-element elementor-element-a4396f6 elementor-section-boxed elementor-section-height-default elementor-section-height-default\" data-id=\"a4396f6\" data-element_type=\"section\">\n\t\t\t\t\t\t<div class=\"elementor-container elementor-column-gap-default\">\n\t\t\t\t\t\t\t<div class=\"elementor-row\">\n\t\t\t\t\t<div class=\"aux-parallax-section elementor-column elementor-col-50 elementor-top-column elementor-element elementor-element-d807299\" data-id=\"d807299\" data-element_type=\"column\">\n\t\t\t<div class=\"elementor-column-wrap\">\n\t\t\t\t\t\t\t<div class=\"elementor-widget-wrap\">\n\t\t\t\t\t\t\t\t<\/div>\n\t\t\t\t\t<\/div>\n\t\t<\/div>\n\t\t\t\t<div class=\"aux-parallax-section elementor-column elementor-col-50 elementor-top-column elementor-element elementor-element-bba212c\" data-id=\"bba212c\" data-element_type=\"column\">\n\t\t\t<div class=\"elementor-column-wrap\">\n\t\t\t\t\t\t\t<div class=\"elementor-widget-wrap\">\n\t\t\t\t\t\t\t\t<\/div>\n\t\t\t\t\t<\/div>\n\t\t<\/div>\n\t\t\t\t\t\t\t\t<\/div>\n\t\t\t\t\t<\/div>\n\t\t<\/section>\n\t\t\t\t\t\t<\/div>\n\t\t\t\t\t\t<\/div>\n\t\t\t\t\t<\/div>\n\t\t","protected":false},"excerpt":{"rendered":"<p>Ol\u00e1, podemos te ajudar? Fale conosco. Sua mensagem ser\u00e1 enviada diretamente aos respons\u00e1veis e analisada junto a Diretoria da empresa. Fique \u00e0 vontade para enviar suas d\u00favidas, sugest\u00f5es ou reclama\u00e7\u00f5es.\u00a0 Fale conosco! Voc\u00ea tamb\u00e9m pode falar conosco por Telefone, WhatsApp ou E-mail, basta selecionar abaixo a forma da sua prefer\u00eancia. Facebook Whatsapp Youtube Instagram<\/p>\n","protected":false},"author":2,"featured_media":0,"parent":0,"menu_order":0,"comment_status":"closed","ping_status":"closed","template":"templates\/page-builder-content.php","meta":{"_joinchat":[],"footnotes":""},"class_list":["post-445","page","type-page","status-publish","hentry"],"yoast_head":"<!-- This site is optimized with the Yoast SEO plugin v27.4 - https:\/\/yoast.com\/product\/yoast-seo-wordpress\/ -->\n<title>Fale Conosco - Bebidas Monte Roraima<\/title>\n<meta name=\"robots\" content=\"index, follow, max-snippet:-1, max-image-preview:large, max-video-preview:-1\" \/>\n<link rel=\"canonical\" href=\"https:\/\/bebidasmonteroraima.com.br\/index.php\/fale-conosco\/\" \/>\n<meta property=\"og:locale\" content=\"pt_BR\" \/>\n<meta property=\"og:type\" content=\"article\" \/>\n<meta property=\"og:title\" content=\"Fale Conosco - Bebidas Monte Roraima\" \/>\n<meta property=\"og:description\" content=\"Ol\u00e1, podemos te ajudar? Fale conosco. Sua mensagem ser\u00e1 enviada diretamente aos respons\u00e1veis e analisada junto a Diretoria da empresa. Fique \u00e0 vontade para enviar suas d\u00favidas, sugest\u00f5es ou reclama\u00e7\u00f5es.\u00a0 Fale conosco! Voc\u00ea tamb\u00e9m pode falar conosco por Telefone, WhatsApp ou E-mail, basta selecionar abaixo a forma da sua prefer\u00eancia. Facebook Whatsapp Youtube Instagram\" \/>\n<meta property=\"og:url\" content=\"https:\/\/bebidasmonteroraima.com.br\/index.php\/fale-conosco\/\" \/>\n<meta property=\"og:site_name\" content=\"Bebidas Monte Roraima\" \/>\n<meta property=\"article:modified_time\" content=\"2020-01-28T15:23:20+00:00\" \/>\n<meta name=\"twitter:card\" content=\"summary_large_image\" \/>\n<script type=\"application\/ld+json\" class=\"yoast-schema-graph\">{\"@context\":\"https:\\\/\\\/schema.org\",\"@graph\":[{\"@type\":\"WebPage\",\"@id\":\"https:\\\/\\\/bebidasmonteroraima.com.br\\\/index.php\\\/fale-conosco\\\/\",\"url\":\"https:\\\/\\\/bebidasmonteroraima.com.br\\\/index.php\\\/fale-conosco\\\/\",\"name\":\"Fale Conosco - Bebidas Monte Roraima\",\"isPartOf\":{\"@id\":\"https:\\\/\\\/bebidasmonteroraima.com.br\\\/#website\"},\"datePublished\":\"2020-01-21T13:52:31+00:00\",\"dateModified\":\"2020-01-28T15:23:20+00:00\",\"breadcrumb\":{\"@id\":\"https:\\\/\\\/bebidasmonteroraima.com.br\\\/index.php\\\/fale-conosco\\\/#breadcrumb\"},\"inLanguage\":\"pt-BR\",\"potentialAction\":[{\"@type\":\"ReadAction\",\"target\":[\"https:\\\/\\\/bebidasmonteroraima.com.br\\\/index.php\\\/fale-conosco\\\/\"]}]},{\"@type\":\"BreadcrumbList\",\"@id\":\"https:\\\/\\\/bebidasmonteroraima.com.br\\\/index.php\\\/fale-conosco\\\/#breadcrumb\",\"itemListElement\":[{\"@type\":\"ListItem\",\"position\":1,\"name\":\"In\u00edcio\",\"item\":\"https:\\\/\\\/bebidasmonteroraima.com.br\\\/\"},{\"@type\":\"ListItem\",\"position\":2,\"name\":\"Fale Conosco\"}]},{\"@type\":\"WebSite\",\"@id\":\"https:\\\/\\\/bebidasmonteroraima.com.br\\\/#website\",\"url\":\"https:\\\/\\\/bebidasmonteroraima.com.br\\\/\",\"name\":\"Bebidas Monte Roraima\",\"description\":\"H\u00e1 30 anos Roraima tem esse sabor!\",\"publisher\":{\"@id\":\"https:\\\/\\\/bebidasmonteroraima.com.br\\\/#organization\"},\"potentialAction\":[{\"@type\":\"SearchAction\",\"target\":{\"@type\":\"EntryPoint\",\"urlTemplate\":\"https:\\\/\\\/bebidasmonteroraima.com.br\\\/?s={search_term_string}\"},\"query-input\":{\"@type\":\"PropertyValueSpecification\",\"valueRequired\":true,\"valueName\":\"search_term_string\"}}],\"inLanguage\":\"pt-BR\"},{\"@type\":\"Organization\",\"@id\":\"https:\\\/\\\/bebidasmonteroraima.com.br\\\/#organization\",\"name\":\"Bebidas Monte Roraima\",\"url\":\"https:\\\/\\\/bebidasmonteroraima.com.br\\\/\",\"logo\":{\"@type\":\"ImageObject\",\"inLanguage\":\"pt-BR\",\"@id\":\"https:\\\/\\\/bebidasmonteroraima.com.br\\\/#\\\/schema\\\/logo\\\/image\\\/\",\"url\":\"https:\\\/\\\/bebidasmonteroraima.com.br\\\/wp-content\\\/uploads\\\/2018\\\/07\\\/1logo-azul-bmr_1.png\",\"contentUrl\":\"https:\\\/\\\/bebidasmonteroraima.com.br\\\/wp-content\\\/uploads\\\/2018\\\/07\\\/1logo-azul-bmr_1.png\",\"width\":250,\"height\":122,\"caption\":\"Bebidas Monte Roraima\"},\"image\":{\"@id\":\"https:\\\/\\\/bebidasmonteroraima.com.br\\\/#\\\/schema\\\/logo\\\/image\\\/\"}}]}<\/script>\n<!-- \/ Yoast SEO plugin. -->","yoast_head_json":{"title":"Fale Conosco - Bebidas Monte Roraima","robots":{"index":"index","follow":"follow","max-snippet":"max-snippet:-1","max-image-preview":"max-image-preview:large","max-video-preview":"max-video-preview:-1"},"canonical":"https:\/\/bebidasmonteroraima.com.br\/index.php\/fale-conosco\/","og_locale":"pt_BR","og_type":"article","og_title":"Fale Conosco - Bebidas Monte Roraima","og_description":"Ol\u00e1, podemos te ajudar? Fale conosco. Sua mensagem ser\u00e1 enviada diretamente aos respons\u00e1veis e analisada junto a Diretoria da empresa. Fique \u00e0 vontade para enviar suas d\u00favidas, sugest\u00f5es ou reclama\u00e7\u00f5es.\u00a0 Fale conosco! Voc\u00ea tamb\u00e9m pode falar conosco por Telefone, WhatsApp ou E-mail, basta selecionar abaixo a forma da sua prefer\u00eancia. Facebook Whatsapp Youtube Instagram","og_url":"https:\/\/bebidasmonteroraima.com.br\/index.php\/fale-conosco\/","og_site_name":"Bebidas Monte Roraima","article_modified_time":"2020-01-28T15:23:20+00:00","twitter_card":"summary_large_image","schema":{"@context":"https:\/\/schema.org","@graph":[{"@type":"WebPage","@id":"https:\/\/bebidasmonteroraima.com.br\/index.php\/fale-conosco\/","url":"https:\/\/bebidasmonteroraima.com.br\/index.php\/fale-conosco\/","name":"Fale Conosco - Bebidas Monte Roraima","isPartOf":{"@id":"https:\/\/bebidasmonteroraima.com.br\/#website"},"datePublished":"2020-01-21T13:52:31+00:00","dateModified":"2020-01-28T15:23:20+00:00","breadcrumb":{"@id":"https:\/\/bebidasmonteroraima.com.br\/index.php\/fale-conosco\/#breadcrumb"},"inLanguage":"pt-BR","potentialAction":[{"@type":"ReadAction","target":["https:\/\/bebidasmonteroraima.com.br\/index.php\/fale-conosco\/"]}]},{"@type":"BreadcrumbList","@id":"https:\/\/bebidasmonteroraima.com.br\/index.php\/fale-conosco\/#breadcrumb","itemListElement":[{"@type":"ListItem","position":1,"name":"In\u00edcio","item":"https:\/\/bebidasmonteroraima.com.br\/"},{"@type":"ListItem","position":2,"name":"Fale Conosco"}]},{"@type":"WebSite","@id":"https:\/\/bebidasmonteroraima.com.br\/#website","url":"https:\/\/bebidasmonteroraima.com.br\/","name":"Bebidas Monte Roraima","description":"H\u00e1 30 anos Roraima tem esse sabor!","publisher":{"@id":"https:\/\/bebidasmonteroraima.com.br\/#organization"},"potentialAction":[{"@type":"SearchAction","target":{"@type":"EntryPoint","urlTemplate":"https:\/\/bebidasmonteroraima.com.br\/?s={search_term_string}"},"query-input":{"@type":"PropertyValueSpecification","valueRequired":true,"valueName":"search_term_string"}}],"inLanguage":"pt-BR"},{"@type":"Organization","@id":"https:\/\/bebidasmonteroraima.com.br\/#organization","name":"Bebidas Monte Roraima","url":"https:\/\/bebidasmonteroraima.com.br\/","logo":{"@type":"ImageObject","inLanguage":"pt-BR","@id":"https:\/\/bebidasmonteroraima.com.br\/#\/schema\/logo\/image\/","url":"https:\/\/bebidasmonteroraima.com.br\/wp-content\/uploads\/2018\/07\/1logo-azul-bmr_1.png","contentUrl":"https:\/\/bebidasmonteroraima.com.br\/wp-content\/uploads\/2018\/07\/1logo-azul-bmr_1.png","width":250,"height":122,"caption":"Bebidas Monte Roraima"},"image":{"@id":"https:\/\/bebidasmonteroraima.com.br\/#\/schema\/logo\/image\/"}}]}},"_links":{"self":[{"href":"https:\/\/bebidasmonteroraima.com.br\/index.php\/wp-json\/wp\/v2\/pages\/445","targetHints":{"allow":["GET"]}}],"collection":[{"href":"https:\/\/bebidasmonteroraima.com.br\/index.php\/wp-json\/wp\/v2\/pages"}],"about":[{"href":"https:\/\/bebidasmonteroraima.com.br\/index.php\/wp-json\/wp\/v2\/types\/page"}],"author":[{"embeddable":true,"href":"https:\/\/bebidasmonteroraima.com.br\/index.php\/wp-json\/wp\/v2\/users\/2"}],"replies":[{"embeddable":true,"href":"https:\/\/bebidasmonteroraima.com.br\/index.php\/wp-json\/wp\/v2\/comments?post=445"}],"version-history":[{"count":0,"href":"https:\/\/bebidasmonteroraima.com.br\/index.php\/wp-json\/wp\/v2\/pages\/445\/revisions"}],"wp:attachment":[{"href":"https:\/\/bebidasmonteroraima.com.br\/index.php\/wp-json\/wp\/v2\/media?parent=445"}],"curies":[{"name":"wp","href":"https:\/\/api.w.org\/{rel}","templated":true}]}}