{"id":69,"date":"2018-07-16T16:17:48","date_gmt":"2018-07-16T19:17:48","guid":{"rendered":"https:\/\/bebidasmonteroraima.com.br\/index.php\/about\/"},"modified":"2020-08-04T08:55:39","modified_gmt":"2020-08-04T12:55:39","slug":"sobre","status":"publish","type":"page","link":"https:\/\/bebidasmonteroraima.com.br\/index.php\/sobre\/","title":{"rendered":"Sobre"},"content":{"rendered":"\t\t<div data-elementor-type=\"wp-post\" data-elementor-id=\"69\" class=\"elementor elementor-69\" data-elementor-settings=\"[]\">\n\t\t\t\t\t\t<div class=\"elementor-inner\">\n\t\t\t\t\t\t\t<div class=\"elementor-section-wrap\">\n\t\t\t\t\t\t\t<section class=\"elementor-section elementor-top-section elementor-element elementor-element-4eafaf0 elementor-section-boxed elementor-section-height-default elementor-section-height-default\" data-id=\"4eafaf0\" data-element_type=\"section\" data-settings=\"{&quot;background_background&quot;:&quot;classic&quot;}\">\n\t\t\t\t\t\t\t<div class=\"elementor-background-overlay\"><\/div>\n\t\t\t\t\t\t\t<div class=\"elementor-container elementor-column-gap-default\">\n\t\t\t\t\t\t\t<div class=\"elementor-row\">\n\t\t\t\t\t<div class=\"aux-parallax-section elementor-column elementor-col-100 elementor-top-column elementor-element elementor-element-21d5d64\" data-id=\"21d5d64\" data-element_type=\"column\">\n\t\t\t<div class=\"elementor-column-wrap elementor-element-populated\">\n\t\t\t\t\t\t\t<div class=\"elementor-widget-wrap\">\n\t\t\t\t\t\t<div class=\"elementor-element elementor-element-e704b51 elementor-widget elementor-widget-spacer\" data-id=\"e704b51\" data-element_type=\"widget\" data-widget_type=\"spacer.default\">\n\t\t\t\t<div class=\"elementor-widget-container\">\n\t\t\t\t\t<div class=\"elementor-spacer\">\n\t\t\t<div class=\"elementor-spacer-inner\"><\/div>\n\t\t<\/div>\n\t\t\t\t<\/div>\n\t\t\t\t<\/div>\n\t\t\t\t<div class=\"elementor-element elementor-element-e7bf024 aux-appear-watch-animation aux-fade-in-up elementor-widget elementor-widget-aux_modern_heading\" data-id=\"e7bf024\" data-element_type=\"widget\" data-widget_type=\"aux_modern_heading.default\">\n\t\t\t\t<div class=\"elementor-widget-container\">\n\t\t\t<section class=\"aux-widget-modern-heading\">\r\n            <div class=\"aux-widget-inner aux-text-align-center\"><h2 class=\"aux-modern-heading-primary\">Sobre N\u00f3s<\/h2><\/div>\r\n        <\/section>\t\t<\/div>\n\t\t\t\t<\/div>\n\t\t\t\t<div class=\"elementor-element elementor-element-2c181cc elementor-widget elementor-widget-spacer\" data-id=\"2c181cc\" data-element_type=\"widget\" data-widget_type=\"spacer.default\">\n\t\t\t\t<div class=\"elementor-widget-container\">\n\t\t\t\t\t<div class=\"elementor-spacer\">\n\t\t\t<div class=\"elementor-spacer-inner\"><\/div>\n\t\t<\/div>\n\t\t\t\t<\/div>\n\t\t\t\t<\/div>\n\t\t\t\t<div class=\"elementor-element elementor-element-4becf59 elementor-widget elementor-widget-spacer\" data-id=\"4becf59\" data-element_type=\"widget\" data-widget_type=\"spacer.default\">\n\t\t\t\t<div class=\"elementor-widget-container\">\n\t\t\t\t\t<div class=\"elementor-spacer\">\n\t\t\t<div class=\"elementor-spacer-inner\"><\/div>\n\t\t<\/div>\n\t\t\t\t<\/div>\n\t\t\t\t<\/div>\n\t\t\t\t\t\t<\/div>\n\t\t\t\t\t<\/div>\n\t\t<\/div>\n\t\t\t\t\t\t\t\t<\/div>\n\t\t\t\t\t<\/div>\n\t\t<\/section>\n\t\t\t\t<section class=\"elementor-section elementor-top-section elementor-element elementor-element-223feba elementor-section-boxed elementor-section-height-default elementor-section-height-default\" data-id=\"223feba\" data-element_type=\"section\">\n\t\t\t\t\t\t<div class=\"elementor-container elementor-column-gap-default\">\n\t\t\t\t\t\t\t<div class=\"elementor-row\">\n\t\t\t\t\t<div class=\"aux-parallax-section elementor-column elementor-col-100 elementor-top-column elementor-element elementor-element-e492f68\" data-id=\"e492f68\" data-element_type=\"column\">\n\t\t\t<div class=\"elementor-column-wrap elementor-element-populated\">\n\t\t\t\t\t\t\t<div class=\"elementor-widget-wrap\">\n\t\t\t\t\t\t<div class=\"elementor-element elementor-element-03640fd elementor-widget elementor-widget-spacer\" data-id=\"03640fd\" data-element_type=\"widget\" data-widget_type=\"spacer.default\">\n\t\t\t\t<div class=\"elementor-widget-container\">\n\t\t\t\t\t<div class=\"elementor-spacer\">\n\t\t\t<div class=\"elementor-spacer-inner\"><\/div>\n\t\t<\/div>\n\t\t\t\t<\/div>\n\t\t\t\t<\/div>\n\t\t\t\t<div class=\"elementor-element elementor-element-69c7fc0 aux-appear-watch-animation aux-fade-in-up elementor-widget elementor-widget-aux_modern_heading\" data-id=\"69c7fc0\" data-element_type=\"widget\" data-widget_type=\"aux_modern_heading.default\">\n\t\t\t\t<div class=\"elementor-widget-container\">\n\t\t\t<section class=\"aux-widget-modern-heading\">\r\n            <div class=\"aux-widget-inner aux-text-align-center\"><h2 class=\"aux-modern-heading-primary\">Bebidas Monte Roraima<\/h2><div class=\"aux-modern-heading-description\"><p style=\"text-align: justify;\">Com mais de 29 anos de atividade no estado de Roraima, a Bebidas Monte Roraima t\u00eam orgulho por ser uma empresa genuinamente Roraimense. Fundada em 09 de fevereiro de 1990, tem seu controle administrativo e acion\u00e1rio mantido nas m\u00e3os de seus fundadores. Conhe\u00e7a mais sobre a empresa, acesse nossas redes sociais:<\/p><\/div><\/div>\r\n        <\/section>\t\t<\/div>\n\t\t\t\t<\/div>\n\t\t\t\t<div class=\"elementor-element elementor-element-2c7d9bf elementor-shape-circle elementor-grid-0 e-grid-align-center elementor-widget elementor-widget-social-icons\" data-id=\"2c7d9bf\" data-element_type=\"widget\" data-widget_type=\"social-icons.default\">\n\t\t\t\t<div class=\"elementor-widget-container\">\n\t\t\t\t\t<div class=\"elementor-social-icons-wrapper elementor-grid\">\n\t\t\t\t\t\t\t<span class=\"elementor-grid-item\">\n\t\t\t\t\t<a class=\"elementor-icon elementor-social-icon elementor-social-icon-facebook elementor-repeater-item-70acb20\" href=\"https:\/\/www.facebook.com\/BebidasMonteRoraima.com.br\/\" target=\"_blank\">\n\t\t\t\t\t\t<span class=\"elementor-screen-only\">Facebook<\/span>\n\t\t\t\t\t\t<i class=\"fab fa-facebook\"><\/i>\t\t\t\t\t<\/a>\n\t\t\t\t<\/span>\n\t\t\t\t\t\t\t<span class=\"elementor-grid-item\">\n\t\t\t\t\t<a class=\"elementor-icon elementor-social-icon elementor-social-icon-whatsapp elementor-repeater-item-e153bfd\" href=\"https:\/\/bit.ly\/WhatsApp-BebidasMonteRoraima\" target=\"_blank\">\n\t\t\t\t\t\t<span class=\"elementor-screen-only\">Whatsapp<\/span>\n\t\t\t\t\t\t<i class=\"fab fa-whatsapp\"><\/i>\t\t\t\t\t<\/a>\n\t\t\t\t<\/span>\n\t\t\t\t\t\t\t<span class=\"elementor-grid-item\">\n\t\t\t\t\t<a class=\"elementor-icon elementor-social-icon elementor-social-icon-youtube elementor-repeater-item-6634c6a\" href=\"https:\/\/www.youtube.com\/channel\/UCO5j7v_RAisfoSpG9uRhfgg\" target=\"_blank\">\n\t\t\t\t\t\t<span class=\"elementor-screen-only\">Youtube<\/span>\n\t\t\t\t\t\t<i class=\"fab fa-youtube\"><\/i>\t\t\t\t\t<\/a>\n\t\t\t\t<\/span>\n\t\t\t\t\t\t\t<span class=\"elementor-grid-item\">\n\t\t\t\t\t<a class=\"elementor-icon elementor-social-icon elementor-social-icon-instagram elementor-repeater-item-0cdb5c2\" href=\"https:\/\/www.instagram.com\/bebidasmonteroraima\/\" target=\"_blank\">\n\t\t\t\t\t\t<span class=\"elementor-screen-only\">Instagram<\/span>\n\t\t\t\t\t\t<i class=\"fab fa-instagram\"><\/i>\t\t\t\t\t<\/a>\n\t\t\t\t<\/span>\n\t\t\t\t\t<\/div>\n\t\t\t\t<\/div>\n\t\t\t\t<\/div>\n\t\t\t\t<div class=\"elementor-element elementor-element-826e0dd elementor-widget elementor-widget-spacer\" data-id=\"826e0dd\" data-element_type=\"widget\" data-widget_type=\"spacer.default\">\n\t\t\t\t<div class=\"elementor-widget-container\">\n\t\t\t\t\t<div class=\"elementor-spacer\">\n\t\t\t<div class=\"elementor-spacer-inner\"><\/div>\n\t\t<\/div>\n\t\t\t\t<\/div>\n\t\t\t\t<\/div>\n\t\t\t\t\t\t<\/div>\n\t\t\t\t\t<\/div>\n\t\t<\/div>\n\t\t\t\t\t\t\t\t<\/div>\n\t\t\t\t\t<\/div>\n\t\t<\/section>\n\t\t\t\t\t\t<\/div>\n\t\t\t\t\t\t<\/div>\n\t\t\t\t\t<\/div>\n\t\t","protected":false},"excerpt":{"rendered":"<p>Sobre N\u00f3s Bebidas Monte Roraima Com mais de 29 anos de atividade no estado de Roraima, a Bebidas Monte Roraima t\u00eam orgulho por ser uma empresa genuinamente Roraimense. Fundada em 09 de fevereiro de 1990, tem seu controle administrativo e acion\u00e1rio mantido nas m\u00e3os de seus fundadores. Conhe\u00e7a mais sobre a empresa, acesse nossas redes [&hellip;]<\/p>\n","protected":false},"author":2,"featured_media":0,"parent":0,"menu_order":0,"comment_status":"closed","ping_status":"closed","template":"","meta":{"_joinchat":[],"footnotes":""},"class_list":["post-69","page","type-page","status-publish","hentry"],"yoast_head":"<!-- This site is optimized with the Yoast SEO plugin v27.3 - https:\/\/yoast.com\/product\/yoast-seo-wordpress\/ -->\n<title>Sobre - Bebidas Monte Roraima<\/title>\n<meta name=\"robots\" content=\"index, follow, max-snippet:-1, max-image-preview:large, max-video-preview:-1\" \/>\n<link rel=\"canonical\" href=\"https:\/\/bebidasmonteroraima.com.br\/index.php\/sobre\/\" \/>\n<meta property=\"og:locale\" content=\"pt_BR\" \/>\n<meta property=\"og:type\" content=\"article\" \/>\n<meta property=\"og:title\" content=\"Sobre - Bebidas Monte Roraima\" \/>\n<meta property=\"og:description\" content=\"Sobre N\u00f3s Bebidas Monte Roraima Com mais de 29 anos de atividade no estado de Roraima, a Bebidas Monte Roraima t\u00eam orgulho por ser uma empresa genuinamente Roraimense. Fundada em 09 de fevereiro de 1990, tem seu controle administrativo e acion\u00e1rio mantido nas m\u00e3os de seus fundadores. Conhe\u00e7a mais sobre a empresa, acesse nossas redes [&hellip;]\" \/>\n<meta property=\"og:url\" content=\"https:\/\/bebidasmonteroraima.com.br\/index.php\/sobre\/\" \/>\n<meta property=\"og:site_name\" content=\"Bebidas Monte Roraima\" \/>\n<meta property=\"article:modified_time\" content=\"2020-08-04T12:55:39+00:00\" \/>\n<meta name=\"twitter:card\" content=\"summary_large_image\" \/>\n<script type=\"application\/ld+json\" class=\"yoast-schema-graph\">{\"@context\":\"https:\\\/\\\/schema.org\",\"@graph\":[{\"@type\":\"WebPage\",\"@id\":\"https:\\\/\\\/bebidasmonteroraima.com.br\\\/index.php\\\/sobre\\\/\",\"url\":\"https:\\\/\\\/bebidasmonteroraima.com.br\\\/index.php\\\/sobre\\\/\",\"name\":\"Sobre - Bebidas Monte Roraima\",\"isPartOf\":{\"@id\":\"https:\\\/\\\/bebidasmonteroraima.com.br\\\/#website\"},\"datePublished\":\"2018-07-16T19:17:48+00:00\",\"dateModified\":\"2020-08-04T12:55:39+00:00\",\"breadcrumb\":{\"@id\":\"https:\\\/\\\/bebidasmonteroraima.com.br\\\/index.php\\\/sobre\\\/#breadcrumb\"},\"inLanguage\":\"pt-BR\",\"potentialAction\":[{\"@type\":\"ReadAction\",\"target\":[\"https:\\\/\\\/bebidasmonteroraima.com.br\\\/index.php\\\/sobre\\\/\"]}]},{\"@type\":\"BreadcrumbList\",\"@id\":\"https:\\\/\\\/bebidasmonteroraima.com.br\\\/index.php\\\/sobre\\\/#breadcrumb\",\"itemListElement\":[{\"@type\":\"ListItem\",\"position\":1,\"name\":\"In\u00edcio\",\"item\":\"https:\\\/\\\/bebidasmonteroraima.com.br\\\/\"},{\"@type\":\"ListItem\",\"position\":2,\"name\":\"Sobre\"}]},{\"@type\":\"WebSite\",\"@id\":\"https:\\\/\\\/bebidasmonteroraima.com.br\\\/#website\",\"url\":\"https:\\\/\\\/bebidasmonteroraima.com.br\\\/\",\"name\":\"Bebidas Monte Roraima\",\"description\":\"H\u00e1 30 anos Roraima tem esse sabor!\",\"publisher\":{\"@id\":\"https:\\\/\\\/bebidasmonteroraima.com.br\\\/#organization\"},\"potentialAction\":[{\"@type\":\"SearchAction\",\"target\":{\"@type\":\"EntryPoint\",\"urlTemplate\":\"https:\\\/\\\/bebidasmonteroraima.com.br\\\/?s={search_term_string}\"},\"query-input\":{\"@type\":\"PropertyValueSpecification\",\"valueRequired\":true,\"valueName\":\"search_term_string\"}}],\"inLanguage\":\"pt-BR\"},{\"@type\":\"Organization\",\"@id\":\"https:\\\/\\\/bebidasmonteroraima.com.br\\\/#organization\",\"name\":\"Bebidas Monte Roraima\",\"url\":\"https:\\\/\\\/bebidasmonteroraima.com.br\\\/\",\"logo\":{\"@type\":\"ImageObject\",\"inLanguage\":\"pt-BR\",\"@id\":\"https:\\\/\\\/bebidasmonteroraima.com.br\\\/#\\\/schema\\\/logo\\\/image\\\/\",\"url\":\"https:\\\/\\\/bebidasmonteroraima.com.br\\\/wp-content\\\/uploads\\\/2018\\\/07\\\/1logo-azul-bmr_1.png\",\"contentUrl\":\"https:\\\/\\\/bebidasmonteroraima.com.br\\\/wp-content\\\/uploads\\\/2018\\\/07\\\/1logo-azul-bmr_1.png\",\"width\":250,\"height\":122,\"caption\":\"Bebidas Monte Roraima\"},\"image\":{\"@id\":\"https:\\\/\\\/bebidasmonteroraima.com.br\\\/#\\\/schema\\\/logo\\\/image\\\/\"}}]}<\/script>\n<!-- \/ Yoast SEO plugin. -->","yoast_head_json":{"title":"Sobre - Bebidas Monte Roraima","robots":{"index":"index","follow":"follow","max-snippet":"max-snippet:-1","max-image-preview":"max-image-preview:large","max-video-preview":"max-video-preview:-1"},"canonical":"https:\/\/bebidasmonteroraima.com.br\/index.php\/sobre\/","og_locale":"pt_BR","og_type":"article","og_title":"Sobre - Bebidas Monte Roraima","og_description":"Sobre N\u00f3s Bebidas Monte Roraima Com mais de 29 anos de atividade no estado de Roraima, a Bebidas Monte Roraima t\u00eam orgulho por ser uma empresa genuinamente Roraimense. Fundada em 09 de fevereiro de 1990, tem seu controle administrativo e acion\u00e1rio mantido nas m\u00e3os de seus fundadores. Conhe\u00e7a mais sobre a empresa, acesse nossas redes [&hellip;]","og_url":"https:\/\/bebidasmonteroraima.com.br\/index.php\/sobre\/","og_site_name":"Bebidas Monte Roraima","article_modified_time":"2020-08-04T12:55:39+00:00","twitter_card":"summary_large_image","schema":{"@context":"https:\/\/schema.org","@graph":[{"@type":"WebPage","@id":"https:\/\/bebidasmonteroraima.com.br\/index.php\/sobre\/","url":"https:\/\/bebidasmonteroraima.com.br\/index.php\/sobre\/","name":"Sobre - Bebidas Monte Roraima","isPartOf":{"@id":"https:\/\/bebidasmonteroraima.com.br\/#website"},"datePublished":"2018-07-16T19:17:48+00:00","dateModified":"2020-08-04T12:55:39+00:00","breadcrumb":{"@id":"https:\/\/bebidasmonteroraima.com.br\/index.php\/sobre\/#breadcrumb"},"inLanguage":"pt-BR","potentialAction":[{"@type":"ReadAction","target":["https:\/\/bebidasmonteroraima.com.br\/index.php\/sobre\/"]}]},{"@type":"BreadcrumbList","@id":"https:\/\/bebidasmonteroraima.com.br\/index.php\/sobre\/#breadcrumb","itemListElement":[{"@type":"ListItem","position":1,"name":"In\u00edcio","item":"https:\/\/bebidasmonteroraima.com.br\/"},{"@type":"ListItem","position":2,"name":"Sobre"}]},{"@type":"WebSite","@id":"https:\/\/bebidasmonteroraima.com.br\/#website","url":"https:\/\/bebidasmonteroraima.com.br\/","name":"Bebidas Monte Roraima","description":"H\u00e1 30 anos Roraima tem esse sabor!","publisher":{"@id":"https:\/\/bebidasmonteroraima.com.br\/#organization"},"potentialAction":[{"@type":"SearchAction","target":{"@type":"EntryPoint","urlTemplate":"https:\/\/bebidasmonteroraima.com.br\/?s={search_term_string}"},"query-input":{"@type":"PropertyValueSpecification","valueRequired":true,"valueName":"search_term_string"}}],"inLanguage":"pt-BR"},{"@type":"Organization","@id":"https:\/\/bebidasmonteroraima.com.br\/#organization","name":"Bebidas Monte Roraima","url":"https:\/\/bebidasmonteroraima.com.br\/","logo":{"@type":"ImageObject","inLanguage":"pt-BR","@id":"https:\/\/bebidasmonteroraima.com.br\/#\/schema\/logo\/image\/","url":"https:\/\/bebidasmonteroraima.com.br\/wp-content\/uploads\/2018\/07\/1logo-azul-bmr_1.png","contentUrl":"https:\/\/bebidasmonteroraima.com.br\/wp-content\/uploads\/2018\/07\/1logo-azul-bmr_1.png","width":250,"height":122,"caption":"Bebidas Monte Roraima"},"image":{"@id":"https:\/\/bebidasmonteroraima.com.br\/#\/schema\/logo\/image\/"}}]}},"_links":{"self":[{"href":"https:\/\/bebidasmonteroraima.com.br\/index.php\/wp-json\/wp\/v2\/pages\/69","targetHints":{"allow":["GET"]}}],"collection":[{"href":"https:\/\/bebidasmonteroraima.com.br\/index.php\/wp-json\/wp\/v2\/pages"}],"about":[{"href":"https:\/\/bebidasmonteroraima.com.br\/index.php\/wp-json\/wp\/v2\/types\/page"}],"author":[{"embeddable":true,"href":"https:\/\/bebidasmonteroraima.com.br\/index.php\/wp-json\/wp\/v2\/users\/2"}],"replies":[{"embeddable":true,"href":"https:\/\/bebidasmonteroraima.com.br\/index.php\/wp-json\/wp\/v2\/comments?post=69"}],"version-history":[{"count":2,"href":"https:\/\/bebidasmonteroraima.com.br\/index.php\/wp-json\/wp\/v2\/pages\/69\/revisions"}],"predecessor-version":[{"id":1962,"href":"https:\/\/bebidasmonteroraima.com.br\/index.php\/wp-json\/wp\/v2\/pages\/69\/revisions\/1962"}],"wp:attachment":[{"href":"https:\/\/bebidasmonteroraima.com.br\/index.php\/wp-json\/wp\/v2\/media?parent=69"}],"curies":[{"name":"wp","href":"https:\/\/api.w.org\/{rel}","templated":true}]}}