{"id":243,"date":"2020-01-23T11:19:37","date_gmt":"2020-01-23T14:19:37","guid":{"rendered":"https:\/\/bebidasmonteroraima.com.br\/?post_type=product&#038;p=243"},"modified":"2024-12-03T09:20:17","modified_gmt":"2024-12-03T13:20:17","slug":"tubaina","status":"publish","type":"product","link":"https:\/\/bebidasmonteroraima.com.br\/index.php\/produto\/tubaina\/","title":{"rendered":"Tuba\u00edna"},"content":{"rendered":"<p style=\"text-align: justify;\">Refrigerante de guaran\u00e1 com aroma de tutti-frutti.<\/p>\n<p style=\"text-align: justify;\">Cont\u00e9m aromatizante sint\u00e9tico id\u00eantico ao natural.<\/p>\n<p style=\"text-align: justify;\">Ingredientes: \u00e1gua gaseificada, a\u00e7\u00facar, aroma sint\u00e9tico de tutti-frutti, extrato natural de guaran\u00e1, reguladores de acidez, \u00e1cido c\u00edtrico e \u00e1cido fosf\u00f3rico, conservador benzoato de s\u00f3dio e corante caramelo IV.<\/p>\n<p style=\"text-align: justify;\"><strong><em>Validade 04 meses, lote e fabrica\u00e7\u00e3o vide marca\u00e7\u00e3o. <\/em><\/strong><\/p>\n<p style=\"text-align: justify;\"><strong><em>N\u00e3o cont\u00e9m glut\u00e9n.<\/em><\/strong><\/p>\n<p style=\"text-align: justify;\"><img loading=\"lazy\" decoding=\"async\" width=\"380\" height=\"485\" class=\"size-medium wp-image-246 aligncenter\" src=\"https:\/\/bebidasmonteroraima.com.br\/wp-content\/uploads\/2020\/01\/tubaina_2litros-rotulo.png\" alt=\"\" \/><\/p>\n","protected":false},"excerpt":{"rendered":"<p>Refrigerante de guaran\u00e1 com aroma de tutti-frutti. Cont\u00e9m aromatizante sint\u00e9tico id\u00eantico ao natural. Ingredientes: \u00e1gua gaseificada, a\u00e7\u00facar, aroma sint\u00e9tico de tutti-frutti, extrato natural de guaran\u00e1, reguladores de acidez, \u00e1cido c\u00edtrico e \u00e1cido fosf\u00f3rico, conservador benzoato de s\u00f3dio e corante caramelo IV. Validade 04 meses, lote e fabrica\u00e7\u00e3o vide marca\u00e7\u00e3o. N\u00e3o cont\u00e9m glut\u00e9n.<\/p>\n","protected":false},"featured_media":677,"template":"","meta":{"_joinchat":[]},"product_cat":[34,38],"product_tag":[],"class_list":["post-243","product","type-product","status-publish","has-post-thumbnail","hentry","product_cat-refrigerante","product_cat-tubaina"],"yoast_head":"<!-- This site is optimized with the Yoast SEO plugin v27.5 - https:\/\/yoast.com\/product\/yoast-seo-wordpress\/ -->\n<title>Tuba\u00edna - Bebidas Monte Roraima<\/title>\n<meta name=\"robots\" content=\"index, follow, max-snippet:-1, max-image-preview:large, max-video-preview:-1\" \/>\n<link rel=\"canonical\" href=\"https:\/\/bebidasmonteroraima.com.br\/index.php\/produto\/tubaina\/\" \/>\n<meta property=\"og:locale\" content=\"pt_BR\" \/>\n<meta property=\"og:type\" content=\"article\" \/>\n<meta property=\"og:title\" content=\"Tuba\u00edna - Bebidas Monte Roraima\" \/>\n<meta property=\"og:description\" content=\"Refrigerante de guaran\u00e1 com aroma de tutti-frutti. Cont\u00e9m aromatizante sint\u00e9tico id\u00eantico ao natural. Ingredientes: \u00e1gua gaseificada, a\u00e7\u00facar, aroma sint\u00e9tico de tutti-frutti, extrato natural de guaran\u00e1, reguladores de acidez, \u00e1cido c\u00edtrico e \u00e1cido fosf\u00f3rico, conservador benzoato de s\u00f3dio e corante caramelo IV. Validade 04 meses, lote e fabrica\u00e7\u00e3o vide marca\u00e7\u00e3o. N\u00e3o cont\u00e9m glut\u00e9n.\" \/>\n<meta property=\"og:url\" content=\"https:\/\/bebidasmonteroraima.com.br\/index.php\/produto\/tubaina\/\" \/>\n<meta property=\"og:site_name\" content=\"Bebidas Monte Roraima\" \/>\n<meta property=\"article:modified_time\" content=\"2024-12-03T13:20:17+00:00\" \/>\n<meta property=\"og:image\" content=\"https:\/\/bebidasmonteroraima.com.br\/wp-content\/uploads\/2020\/01\/tubaina-bebidas-monte-roraima-2020-rotulo-novo.png\" \/>\n\t<meta property=\"og:image:width\" content=\"600\" \/>\n\t<meta property=\"og:image:height\" content=\"600\" \/>\n\t<meta property=\"og:image:type\" content=\"image\/png\" \/>\n<meta name=\"twitter:card\" content=\"summary_large_image\" \/>\n<script type=\"application\/ld+json\" class=\"yoast-schema-graph\">{\"@context\":\"https:\\\/\\\/schema.org\",\"@graph\":[{\"@type\":\"WebPage\",\"@id\":\"https:\\\/\\\/bebidasmonteroraima.com.br\\\/index.php\\\/produto\\\/tubaina\\\/\",\"url\":\"https:\\\/\\\/bebidasmonteroraima.com.br\\\/index.php\\\/produto\\\/tubaina\\\/\",\"name\":\"Tuba\u00edna - Bebidas Monte Roraima\",\"isPartOf\":{\"@id\":\"https:\\\/\\\/bebidasmonteroraima.com.br\\\/#website\"},\"primaryImageOfPage\":{\"@id\":\"https:\\\/\\\/bebidasmonteroraima.com.br\\\/index.php\\\/produto\\\/tubaina\\\/#primaryimage\"},\"image\":{\"@id\":\"https:\\\/\\\/bebidasmonteroraima.com.br\\\/index.php\\\/produto\\\/tubaina\\\/#primaryimage\"},\"thumbnailUrl\":\"https:\\\/\\\/bebidasmonteroraima.com.br\\\/wp-content\\\/uploads\\\/2020\\\/01\\\/tubaina-bebidas-monte-roraima-2020-rotulo-novo.png\",\"datePublished\":\"2020-01-23T14:19:37+00:00\",\"dateModified\":\"2024-12-03T13:20:17+00:00\",\"breadcrumb\":{\"@id\":\"https:\\\/\\\/bebidasmonteroraima.com.br\\\/index.php\\\/produto\\\/tubaina\\\/#breadcrumb\"},\"inLanguage\":\"pt-BR\",\"potentialAction\":[{\"@type\":\"ReadAction\",\"target\":[\"https:\\\/\\\/bebidasmonteroraima.com.br\\\/index.php\\\/produto\\\/tubaina\\\/\"]}]},{\"@type\":\"ImageObject\",\"inLanguage\":\"pt-BR\",\"@id\":\"https:\\\/\\\/bebidasmonteroraima.com.br\\\/index.php\\\/produto\\\/tubaina\\\/#primaryimage\",\"url\":\"https:\\\/\\\/bebidasmonteroraima.com.br\\\/wp-content\\\/uploads\\\/2020\\\/01\\\/tubaina-bebidas-monte-roraima-2020-rotulo-novo.png\",\"contentUrl\":\"https:\\\/\\\/bebidasmonteroraima.com.br\\\/wp-content\\\/uploads\\\/2020\\\/01\\\/tubaina-bebidas-monte-roraima-2020-rotulo-novo.png\",\"width\":600,\"height\":600},{\"@type\":\"BreadcrumbList\",\"@id\":\"https:\\\/\\\/bebidasmonteroraima.com.br\\\/index.php\\\/produto\\\/tubaina\\\/#breadcrumb\",\"itemListElement\":[{\"@type\":\"ListItem\",\"position\":1,\"name\":\"In\u00edcio\",\"item\":\"https:\\\/\\\/bebidasmonteroraima.com.br\\\/\"},{\"@type\":\"ListItem\",\"position\":2,\"name\":\"Produtos &#8211; page antiga\",\"item\":\"https:\\\/\\\/bebidasmonteroraima.com.br\\\/index.php\\\/produtos-2-2\\\/\"},{\"@type\":\"ListItem\",\"position\":3,\"name\":\"Tuba\u00edna\"}]},{\"@type\":\"WebSite\",\"@id\":\"https:\\\/\\\/bebidasmonteroraima.com.br\\\/#website\",\"url\":\"https:\\\/\\\/bebidasmonteroraima.com.br\\\/\",\"name\":\"Bebidas Monte Roraima\",\"description\":\"H\u00e1 30 anos Roraima tem esse sabor!\",\"publisher\":{\"@id\":\"https:\\\/\\\/bebidasmonteroraima.com.br\\\/#organization\"},\"potentialAction\":[{\"@type\":\"SearchAction\",\"target\":{\"@type\":\"EntryPoint\",\"urlTemplate\":\"https:\\\/\\\/bebidasmonteroraima.com.br\\\/?s={search_term_string}\"},\"query-input\":{\"@type\":\"PropertyValueSpecification\",\"valueRequired\":true,\"valueName\":\"search_term_string\"}}],\"inLanguage\":\"pt-BR\"},{\"@type\":\"Organization\",\"@id\":\"https:\\\/\\\/bebidasmonteroraima.com.br\\\/#organization\",\"name\":\"Bebidas Monte Roraima\",\"url\":\"https:\\\/\\\/bebidasmonteroraima.com.br\\\/\",\"logo\":{\"@type\":\"ImageObject\",\"inLanguage\":\"pt-BR\",\"@id\":\"https:\\\/\\\/bebidasmonteroraima.com.br\\\/#\\\/schema\\\/logo\\\/image\\\/\",\"url\":\"https:\\\/\\\/bebidasmonteroraima.com.br\\\/wp-content\\\/uploads\\\/2018\\\/07\\\/1logo-azul-bmr_1.png\",\"contentUrl\":\"https:\\\/\\\/bebidasmonteroraima.com.br\\\/wp-content\\\/uploads\\\/2018\\\/07\\\/1logo-azul-bmr_1.png\",\"width\":250,\"height\":122,\"caption\":\"Bebidas Monte Roraima\"},\"image\":{\"@id\":\"https:\\\/\\\/bebidasmonteroraima.com.br\\\/#\\\/schema\\\/logo\\\/image\\\/\"}}]}<\/script>\n<!-- \/ Yoast SEO plugin. -->","yoast_head_json":{"title":"Tuba\u00edna - Bebidas Monte Roraima","robots":{"index":"index","follow":"follow","max-snippet":"max-snippet:-1","max-image-preview":"max-image-preview:large","max-video-preview":"max-video-preview:-1"},"canonical":"https:\/\/bebidasmonteroraima.com.br\/index.php\/produto\/tubaina\/","og_locale":"pt_BR","og_type":"article","og_title":"Tuba\u00edna - Bebidas Monte Roraima","og_description":"Refrigerante de guaran\u00e1 com aroma de tutti-frutti. Cont\u00e9m aromatizante sint\u00e9tico id\u00eantico ao natural. Ingredientes: \u00e1gua gaseificada, a\u00e7\u00facar, aroma sint\u00e9tico de tutti-frutti, extrato natural de guaran\u00e1, reguladores de acidez, \u00e1cido c\u00edtrico e \u00e1cido fosf\u00f3rico, conservador benzoato de s\u00f3dio e corante caramelo IV. Validade 04 meses, lote e fabrica\u00e7\u00e3o vide marca\u00e7\u00e3o. N\u00e3o cont\u00e9m glut\u00e9n.","og_url":"https:\/\/bebidasmonteroraima.com.br\/index.php\/produto\/tubaina\/","og_site_name":"Bebidas Monte Roraima","article_modified_time":"2024-12-03T13:20:17+00:00","og_image":[{"width":600,"height":600,"url":"https:\/\/bebidasmonteroraima.com.br\/wp-content\/uploads\/2020\/01\/tubaina-bebidas-monte-roraima-2020-rotulo-novo.png","type":"image\/png"}],"twitter_card":"summary_large_image","schema":{"@context":"https:\/\/schema.org","@graph":[{"@type":"WebPage","@id":"https:\/\/bebidasmonteroraima.com.br\/index.php\/produto\/tubaina\/","url":"https:\/\/bebidasmonteroraima.com.br\/index.php\/produto\/tubaina\/","name":"Tuba\u00edna - Bebidas Monte Roraima","isPartOf":{"@id":"https:\/\/bebidasmonteroraima.com.br\/#website"},"primaryImageOfPage":{"@id":"https:\/\/bebidasmonteroraima.com.br\/index.php\/produto\/tubaina\/#primaryimage"},"image":{"@id":"https:\/\/bebidasmonteroraima.com.br\/index.php\/produto\/tubaina\/#primaryimage"},"thumbnailUrl":"https:\/\/bebidasmonteroraima.com.br\/wp-content\/uploads\/2020\/01\/tubaina-bebidas-monte-roraima-2020-rotulo-novo.png","datePublished":"2020-01-23T14:19:37+00:00","dateModified":"2024-12-03T13:20:17+00:00","breadcrumb":{"@id":"https:\/\/bebidasmonteroraima.com.br\/index.php\/produto\/tubaina\/#breadcrumb"},"inLanguage":"pt-BR","potentialAction":[{"@type":"ReadAction","target":["https:\/\/bebidasmonteroraima.com.br\/index.php\/produto\/tubaina\/"]}]},{"@type":"ImageObject","inLanguage":"pt-BR","@id":"https:\/\/bebidasmonteroraima.com.br\/index.php\/produto\/tubaina\/#primaryimage","url":"https:\/\/bebidasmonteroraima.com.br\/wp-content\/uploads\/2020\/01\/tubaina-bebidas-monte-roraima-2020-rotulo-novo.png","contentUrl":"https:\/\/bebidasmonteroraima.com.br\/wp-content\/uploads\/2020\/01\/tubaina-bebidas-monte-roraima-2020-rotulo-novo.png","width":600,"height":600},{"@type":"BreadcrumbList","@id":"https:\/\/bebidasmonteroraima.com.br\/index.php\/produto\/tubaina\/#breadcrumb","itemListElement":[{"@type":"ListItem","position":1,"name":"In\u00edcio","item":"https:\/\/bebidasmonteroraima.com.br\/"},{"@type":"ListItem","position":2,"name":"Produtos &#8211; page antiga","item":"https:\/\/bebidasmonteroraima.com.br\/index.php\/produtos-2-2\/"},{"@type":"ListItem","position":3,"name":"Tuba\u00edna"}]},{"@type":"WebSite","@id":"https:\/\/bebidasmonteroraima.com.br\/#website","url":"https:\/\/bebidasmonteroraima.com.br\/","name":"Bebidas Monte Roraima","description":"H\u00e1 30 anos Roraima tem esse sabor!","publisher":{"@id":"https:\/\/bebidasmonteroraima.com.br\/#organization"},"potentialAction":[{"@type":"SearchAction","target":{"@type":"EntryPoint","urlTemplate":"https:\/\/bebidasmonteroraima.com.br\/?s={search_term_string}"},"query-input":{"@type":"PropertyValueSpecification","valueRequired":true,"valueName":"search_term_string"}}],"inLanguage":"pt-BR"},{"@type":"Organization","@id":"https:\/\/bebidasmonteroraima.com.br\/#organization","name":"Bebidas Monte Roraima","url":"https:\/\/bebidasmonteroraima.com.br\/","logo":{"@type":"ImageObject","inLanguage":"pt-BR","@id":"https:\/\/bebidasmonteroraima.com.br\/#\/schema\/logo\/image\/","url":"https:\/\/bebidasmonteroraima.com.br\/wp-content\/uploads\/2018\/07\/1logo-azul-bmr_1.png","contentUrl":"https:\/\/bebidasmonteroraima.com.br\/wp-content\/uploads\/2018\/07\/1logo-azul-bmr_1.png","width":250,"height":122,"caption":"Bebidas Monte Roraima"},"image":{"@id":"https:\/\/bebidasmonteroraima.com.br\/#\/schema\/logo\/image\/"}}]}},"_links":{"self":[{"href":"https:\/\/bebidasmonteroraima.com.br\/index.php\/wp-json\/wp\/v2\/product\/243","targetHints":{"allow":["GET"]}}],"collection":[{"href":"https:\/\/bebidasmonteroraima.com.br\/index.php\/wp-json\/wp\/v2\/product"}],"about":[{"href":"https:\/\/bebidasmonteroraima.com.br\/index.php\/wp-json\/wp\/v2\/types\/product"}],"wp:featuredmedia":[{"embeddable":true,"href":"https:\/\/bebidasmonteroraima.com.br\/index.php\/wp-json\/wp\/v2\/media\/677"}],"wp:attachment":[{"href":"https:\/\/bebidasmonteroraima.com.br\/index.php\/wp-json\/wp\/v2\/media?parent=243"}],"wp:term":[{"taxonomy":"product_cat","embeddable":true,"href":"https:\/\/bebidasmonteroraima.com.br\/index.php\/wp-json\/wp\/v2\/product_cat?post=243"},{"taxonomy":"product_tag","embeddable":true,"href":"https:\/\/bebidasmonteroraima.com.br\/index.php\/wp-json\/wp\/v2\/product_tag?post=243"}],"curies":[{"name":"wp","href":"https:\/\/api.w.org\/{rel}","templated":true}]}}