{"id":306,"date":"2020-01-20T09:18:13","date_gmt":"2020-01-20T12:18:13","guid":{"rendered":"https:\/\/bebidasmonteroraima.com.br\/?post_type=product&#038;p=306"},"modified":"2024-11-15T09:49:12","modified_gmt":"2024-11-15T13:49:12","slug":"bizu-guarana","status":"publish","type":"product","link":"https:\/\/bebidasmonteroraima.com.br\/index.php\/produto\/bizu-guarana\/","title":{"rendered":"Bizu Guaran\u00e1"},"content":{"rendered":"<p style=\"text-align: justify;\">Ingredientes: \u00e1gua gaseificada, a\u00e7\u00facar, extrato natural de guaran\u00e1, aroma id\u00eantico ao natural, corante caramelo IV, regulador de acidez \u00e1cido c\u00edtrico, antioxidante \u00e1cido \u00e1scorbico, conservadores benzoato de s\u00f3dio e sorbato de p\u00f3tassio, edulcorantes acesulfame de pot\u00e1ssio (6,7 mg), sucralose (2,2 mg) e neotame (0,16 mg) por 100 ml..<\/p>\n<p style=\"text-align: justify;\">Validade: 04 meses.<\/p>\n<p style=\"text-align: justify;\"><img loading=\"lazy\" decoding=\"async\" width=\"366\" height=\"484\" class=\"size-medium wp-image-307 aligncenter\" src=\"https:\/\/bebidasmonteroraima.com.br\/wp-content\/uploads\/2020\/01\/bizu-guarana-rotulo.png\" alt=\"\" \/><\/p>\n<p style=\"text-align: justify;\">N\u00e3o cont\u00e9m quantidade significativa de prote\u00ednas, gorduras totais, gorduras saturadas, gorduras trans e fibra alimentar.<\/p>\n<p style=\"text-align: justify;\">*% valores di\u00e1rios com base em uma dieta de 2000 kcal ou 8400 kj, seus valores di\u00e1rios podem ser maiores ou menores dependendo de suas necessidades energ\u00e9ticas.<\/p>\n<p style=\"text-align: justify;\">Lote e fabrica\u00e7\u00e3o vide marca\u00e7\u00e3o. N\u00e3o cont\u00e9m gl\u00faten.<\/p>\n<p style=\"text-align: justify;\">Fabricado e engarrafado por: bebidas Monte Roraima LTDA. av. dos bandeirantes, 1066, liberdade, Boa Vista (RR), CNPJ 34.793.844\/0001 &#8211; 59. Ind\u00fastria Brasileira. N\u00e3o congelar. Conservar ao abrigo do sol e calor, em campo limpo, seco, arejado e sem odor.<\/p>\n<p style=\"text-align: justify;\">Registro Mapa: RR 000006-0.0.000005<\/p>\n","protected":false},"excerpt":{"rendered":"<p>Ingredientes: \u00e1gua gaseificada, a\u00e7\u00facar, extrato natural de guaran\u00e1, aroma id\u00eantico ao natural, corante caramelo IV, regulador de acidez \u00e1cido c\u00edtrico, antioxidante \u00e1cido \u00e1scorbico, conservadores benzoato de s\u00f3dio e sorbato de p\u00f3tassio, edulcorantes acesulfame de pot\u00e1ssio (6,7 mg), sucralose (2,2 mg) e neotame (0,16 mg) por 100 ml.. Validade: 04 meses. N\u00e3o cont\u00e9m quantidade significativa de [&hellip;]<\/p>\n","protected":false},"featured_media":292,"template":"","meta":{"_joinchat":[]},"product_cat":[39,34],"product_tag":[],"class_list":["post-306","product","type-product","status-publish","has-post-thumbnail","hentry","product_cat-bizu","product_cat-refrigerante"],"yoast_head":"<!-- This site is optimized with the Yoast SEO plugin v27.5 - https:\/\/yoast.com\/product\/yoast-seo-wordpress\/ -->\n<title>Bizu Guaran\u00e1 - Bebidas Monte Roraima<\/title>\n<meta name=\"robots\" content=\"index, follow, max-snippet:-1, max-image-preview:large, max-video-preview:-1\" \/>\n<link rel=\"canonical\" href=\"https:\/\/bebidasmonteroraima.com.br\/index.php\/produto\/bizu-guarana\/\" \/>\n<meta property=\"og:locale\" content=\"pt_BR\" \/>\n<meta property=\"og:type\" content=\"article\" \/>\n<meta property=\"og:title\" content=\"Bizu Guaran\u00e1 - Bebidas Monte Roraima\" \/>\n<meta property=\"og:description\" content=\"Ingredientes: \u00e1gua gaseificada, a\u00e7\u00facar, extrato natural de guaran\u00e1, aroma id\u00eantico ao natural, corante caramelo IV, regulador de acidez \u00e1cido c\u00edtrico, antioxidante \u00e1cido \u00e1scorbico, conservadores benzoato de s\u00f3dio e sorbato de p\u00f3tassio, edulcorantes acesulfame de pot\u00e1ssio (6,7 mg), sucralose (2,2 mg) e neotame (0,16 mg) por 100 ml.. Validade: 04 meses. N\u00e3o cont\u00e9m quantidade significativa de [&hellip;]\" \/>\n<meta property=\"og:url\" content=\"https:\/\/bebidasmonteroraima.com.br\/index.php\/produto\/bizu-guarana\/\" \/>\n<meta property=\"og:site_name\" content=\"Bebidas Monte Roraima\" \/>\n<meta property=\"article:modified_time\" content=\"2024-11-15T13:49:12+00:00\" \/>\n<meta property=\"og:image\" content=\"https:\/\/bebidasmonteroraima.com.br\/wp-content\/uploads\/2020\/01\/bizu_guarana_2litros.png\" \/>\n\t<meta property=\"og:image:width\" content=\"600\" \/>\n\t<meta property=\"og:image:height\" content=\"600\" \/>\n\t<meta property=\"og:image:type\" content=\"image\/png\" \/>\n<meta name=\"twitter:card\" content=\"summary_large_image\" \/>\n<meta name=\"twitter:label1\" content=\"Est. tempo de leitura\" \/>\n\t<meta name=\"twitter:data1\" content=\"1 minuto\" \/>\n<script type=\"application\/ld+json\" class=\"yoast-schema-graph\">{\"@context\":\"https:\\\/\\\/schema.org\",\"@graph\":[{\"@type\":\"WebPage\",\"@id\":\"https:\\\/\\\/bebidasmonteroraima.com.br\\\/index.php\\\/produto\\\/bizu-guarana\\\/\",\"url\":\"https:\\\/\\\/bebidasmonteroraima.com.br\\\/index.php\\\/produto\\\/bizu-guarana\\\/\",\"name\":\"Bizu Guaran\u00e1 - Bebidas Monte Roraima\",\"isPartOf\":{\"@id\":\"https:\\\/\\\/bebidasmonteroraima.com.br\\\/#website\"},\"primaryImageOfPage\":{\"@id\":\"https:\\\/\\\/bebidasmonteroraima.com.br\\\/index.php\\\/produto\\\/bizu-guarana\\\/#primaryimage\"},\"image\":{\"@id\":\"https:\\\/\\\/bebidasmonteroraima.com.br\\\/index.php\\\/produto\\\/bizu-guarana\\\/#primaryimage\"},\"thumbnailUrl\":\"https:\\\/\\\/bebidasmonteroraima.com.br\\\/wp-content\\\/uploads\\\/2020\\\/01\\\/bizu_guarana_2litros.png\",\"datePublished\":\"2020-01-20T12:18:13+00:00\",\"dateModified\":\"2024-11-15T13:49:12+00:00\",\"breadcrumb\":{\"@id\":\"https:\\\/\\\/bebidasmonteroraima.com.br\\\/index.php\\\/produto\\\/bizu-guarana\\\/#breadcrumb\"},\"inLanguage\":\"pt-BR\",\"potentialAction\":[{\"@type\":\"ReadAction\",\"target\":[\"https:\\\/\\\/bebidasmonteroraima.com.br\\\/index.php\\\/produto\\\/bizu-guarana\\\/\"]}]},{\"@type\":\"ImageObject\",\"inLanguage\":\"pt-BR\",\"@id\":\"https:\\\/\\\/bebidasmonteroraima.com.br\\\/index.php\\\/produto\\\/bizu-guarana\\\/#primaryimage\",\"url\":\"https:\\\/\\\/bebidasmonteroraima.com.br\\\/wp-content\\\/uploads\\\/2020\\\/01\\\/bizu_guarana_2litros.png\",\"contentUrl\":\"https:\\\/\\\/bebidasmonteroraima.com.br\\\/wp-content\\\/uploads\\\/2020\\\/01\\\/bizu_guarana_2litros.png\",\"width\":600,\"height\":600},{\"@type\":\"BreadcrumbList\",\"@id\":\"https:\\\/\\\/bebidasmonteroraima.com.br\\\/index.php\\\/produto\\\/bizu-guarana\\\/#breadcrumb\",\"itemListElement\":[{\"@type\":\"ListItem\",\"position\":1,\"name\":\"In\u00edcio\",\"item\":\"https:\\\/\\\/bebidasmonteroraima.com.br\\\/\"},{\"@type\":\"ListItem\",\"position\":2,\"name\":\"Produtos &#8211; page antiga\",\"item\":\"https:\\\/\\\/bebidasmonteroraima.com.br\\\/index.php\\\/produtos-2-2\\\/\"},{\"@type\":\"ListItem\",\"position\":3,\"name\":\"Bizu Guaran\u00e1\"}]},{\"@type\":\"WebSite\",\"@id\":\"https:\\\/\\\/bebidasmonteroraima.com.br\\\/#website\",\"url\":\"https:\\\/\\\/bebidasmonteroraima.com.br\\\/\",\"name\":\"Bebidas Monte Roraima\",\"description\":\"H\u00e1 30 anos Roraima tem esse sabor!\",\"publisher\":{\"@id\":\"https:\\\/\\\/bebidasmonteroraima.com.br\\\/#organization\"},\"potentialAction\":[{\"@type\":\"SearchAction\",\"target\":{\"@type\":\"EntryPoint\",\"urlTemplate\":\"https:\\\/\\\/bebidasmonteroraima.com.br\\\/?s={search_term_string}\"},\"query-input\":{\"@type\":\"PropertyValueSpecification\",\"valueRequired\":true,\"valueName\":\"search_term_string\"}}],\"inLanguage\":\"pt-BR\"},{\"@type\":\"Organization\",\"@id\":\"https:\\\/\\\/bebidasmonteroraima.com.br\\\/#organization\",\"name\":\"Bebidas Monte Roraima\",\"url\":\"https:\\\/\\\/bebidasmonteroraima.com.br\\\/\",\"logo\":{\"@type\":\"ImageObject\",\"inLanguage\":\"pt-BR\",\"@id\":\"https:\\\/\\\/bebidasmonteroraima.com.br\\\/#\\\/schema\\\/logo\\\/image\\\/\",\"url\":\"https:\\\/\\\/bebidasmonteroraima.com.br\\\/wp-content\\\/uploads\\\/2018\\\/07\\\/1logo-azul-bmr_1.png\",\"contentUrl\":\"https:\\\/\\\/bebidasmonteroraima.com.br\\\/wp-content\\\/uploads\\\/2018\\\/07\\\/1logo-azul-bmr_1.png\",\"width\":250,\"height\":122,\"caption\":\"Bebidas Monte Roraima\"},\"image\":{\"@id\":\"https:\\\/\\\/bebidasmonteroraima.com.br\\\/#\\\/schema\\\/logo\\\/image\\\/\"}}]}<\/script>\n<!-- \/ Yoast SEO plugin. -->","yoast_head_json":{"title":"Bizu Guaran\u00e1 - Bebidas Monte Roraima","robots":{"index":"index","follow":"follow","max-snippet":"max-snippet:-1","max-image-preview":"max-image-preview:large","max-video-preview":"max-video-preview:-1"},"canonical":"https:\/\/bebidasmonteroraima.com.br\/index.php\/produto\/bizu-guarana\/","og_locale":"pt_BR","og_type":"article","og_title":"Bizu Guaran\u00e1 - Bebidas Monte Roraima","og_description":"Ingredientes: \u00e1gua gaseificada, a\u00e7\u00facar, extrato natural de guaran\u00e1, aroma id\u00eantico ao natural, corante caramelo IV, regulador de acidez \u00e1cido c\u00edtrico, antioxidante \u00e1cido \u00e1scorbico, conservadores benzoato de s\u00f3dio e sorbato de p\u00f3tassio, edulcorantes acesulfame de pot\u00e1ssio (6,7 mg), sucralose (2,2 mg) e neotame (0,16 mg) por 100 ml.. Validade: 04 meses. N\u00e3o cont\u00e9m quantidade significativa de [&hellip;]","og_url":"https:\/\/bebidasmonteroraima.com.br\/index.php\/produto\/bizu-guarana\/","og_site_name":"Bebidas Monte Roraima","article_modified_time":"2024-11-15T13:49:12+00:00","og_image":[{"width":600,"height":600,"url":"https:\/\/bebidasmonteroraima.com.br\/wp-content\/uploads\/2020\/01\/bizu_guarana_2litros.png","type":"image\/png"}],"twitter_card":"summary_large_image","twitter_misc":{"Est. tempo de leitura":"1 minuto"},"schema":{"@context":"https:\/\/schema.org","@graph":[{"@type":"WebPage","@id":"https:\/\/bebidasmonteroraima.com.br\/index.php\/produto\/bizu-guarana\/","url":"https:\/\/bebidasmonteroraima.com.br\/index.php\/produto\/bizu-guarana\/","name":"Bizu Guaran\u00e1 - Bebidas Monte Roraima","isPartOf":{"@id":"https:\/\/bebidasmonteroraima.com.br\/#website"},"primaryImageOfPage":{"@id":"https:\/\/bebidasmonteroraima.com.br\/index.php\/produto\/bizu-guarana\/#primaryimage"},"image":{"@id":"https:\/\/bebidasmonteroraima.com.br\/index.php\/produto\/bizu-guarana\/#primaryimage"},"thumbnailUrl":"https:\/\/bebidasmonteroraima.com.br\/wp-content\/uploads\/2020\/01\/bizu_guarana_2litros.png","datePublished":"2020-01-20T12:18:13+00:00","dateModified":"2024-11-15T13:49:12+00:00","breadcrumb":{"@id":"https:\/\/bebidasmonteroraima.com.br\/index.php\/produto\/bizu-guarana\/#breadcrumb"},"inLanguage":"pt-BR","potentialAction":[{"@type":"ReadAction","target":["https:\/\/bebidasmonteroraima.com.br\/index.php\/produto\/bizu-guarana\/"]}]},{"@type":"ImageObject","inLanguage":"pt-BR","@id":"https:\/\/bebidasmonteroraima.com.br\/index.php\/produto\/bizu-guarana\/#primaryimage","url":"https:\/\/bebidasmonteroraima.com.br\/wp-content\/uploads\/2020\/01\/bizu_guarana_2litros.png","contentUrl":"https:\/\/bebidasmonteroraima.com.br\/wp-content\/uploads\/2020\/01\/bizu_guarana_2litros.png","width":600,"height":600},{"@type":"BreadcrumbList","@id":"https:\/\/bebidasmonteroraima.com.br\/index.php\/produto\/bizu-guarana\/#breadcrumb","itemListElement":[{"@type":"ListItem","position":1,"name":"In\u00edcio","item":"https:\/\/bebidasmonteroraima.com.br\/"},{"@type":"ListItem","position":2,"name":"Produtos &#8211; page antiga","item":"https:\/\/bebidasmonteroraima.com.br\/index.php\/produtos-2-2\/"},{"@type":"ListItem","position":3,"name":"Bizu Guaran\u00e1"}]},{"@type":"WebSite","@id":"https:\/\/bebidasmonteroraima.com.br\/#website","url":"https:\/\/bebidasmonteroraima.com.br\/","name":"Bebidas Monte Roraima","description":"H\u00e1 30 anos Roraima tem esse sabor!","publisher":{"@id":"https:\/\/bebidasmonteroraima.com.br\/#organization"},"potentialAction":[{"@type":"SearchAction","target":{"@type":"EntryPoint","urlTemplate":"https:\/\/bebidasmonteroraima.com.br\/?s={search_term_string}"},"query-input":{"@type":"PropertyValueSpecification","valueRequired":true,"valueName":"search_term_string"}}],"inLanguage":"pt-BR"},{"@type":"Organization","@id":"https:\/\/bebidasmonteroraima.com.br\/#organization","name":"Bebidas Monte Roraima","url":"https:\/\/bebidasmonteroraima.com.br\/","logo":{"@type":"ImageObject","inLanguage":"pt-BR","@id":"https:\/\/bebidasmonteroraima.com.br\/#\/schema\/logo\/image\/","url":"https:\/\/bebidasmonteroraima.com.br\/wp-content\/uploads\/2018\/07\/1logo-azul-bmr_1.png","contentUrl":"https:\/\/bebidasmonteroraima.com.br\/wp-content\/uploads\/2018\/07\/1logo-azul-bmr_1.png","width":250,"height":122,"caption":"Bebidas Monte Roraima"},"image":{"@id":"https:\/\/bebidasmonteroraima.com.br\/#\/schema\/logo\/image\/"}}]}},"_links":{"self":[{"href":"https:\/\/bebidasmonteroraima.com.br\/index.php\/wp-json\/wp\/v2\/product\/306","targetHints":{"allow":["GET"]}}],"collection":[{"href":"https:\/\/bebidasmonteroraima.com.br\/index.php\/wp-json\/wp\/v2\/product"}],"about":[{"href":"https:\/\/bebidasmonteroraima.com.br\/index.php\/wp-json\/wp\/v2\/types\/product"}],"wp:featuredmedia":[{"embeddable":true,"href":"https:\/\/bebidasmonteroraima.com.br\/index.php\/wp-json\/wp\/v2\/media\/292"}],"wp:attachment":[{"href":"https:\/\/bebidasmonteroraima.com.br\/index.php\/wp-json\/wp\/v2\/media?parent=306"}],"wp:term":[{"taxonomy":"product_cat","embeddable":true,"href":"https:\/\/bebidasmonteroraima.com.br\/index.php\/wp-json\/wp\/v2\/product_cat?post=306"},{"taxonomy":"product_tag","embeddable":true,"href":"https:\/\/bebidasmonteroraima.com.br\/index.php\/wp-json\/wp\/v2\/product_tag?post=306"}],"curies":[{"name":"wp","href":"https:\/\/api.w.org\/{rel}","templated":true}]}}